{"id":1421,"date":"2025-02-19T03:35:50","date_gmt":"2025-02-19T03:35:50","guid":{"rendered":"https:\/\/apache-ironworks-new.us9.cdn-alpha.com\/?page_id=1421"},"modified":"2025-09-17T14:37:07","modified_gmt":"2025-09-17T19:37:07","slug":"maintenance-repairs","status":"publish","type":"page","link":"https:\/\/apacheironworks.com\/fr\/aggregate-and-mining-equipment-services\/solutions\/maintenance-repairs\/","title":{"rendered":"Entretien et r\u00e9parations"},"content":{"rendered":"<div data-elementor-type=\"wp-page\" data-elementor-id=\"1421\" class=\"elementor elementor-1421\">\n\t\t\t\t<div class=\"elementor-element elementor-element-5bcc92c e-con-full e-flex wpr-particle-no wpr-jarallax-no wpr-parallax-no wpr-sticky-section-no wpr-equal-height-no e-con e-parent\" data-id=\"5bcc92c\" data-element_type=\"container\" data-e-type=\"container\" data-settings=\"{&quot;background_background&quot;:&quot;classic&quot;}\">\n\t\t\t\t<div class=\"elementor-element elementor-element-4fc8a2b elementor-widget elementor-widget-codexunictheme-breadcrumb\" data-id=\"4fc8a2b\" data-element_type=\"widget\" data-e-type=\"widget\" data-widget_type=\"codexunictheme-breadcrumb.default\">\n\t\t\t\t<div class=\"elementor-widget-container\">\n\t\t\t\t\t        \r\n        <section class=\"breadcrumb-section text-center pt-200 pb-140\" style=\"background-image: url('');\">\r\n            <div class=\"container\">\r\n                <div class=\"row\">\r\n                    <div class=\"col-lg-12\">\r\n                        <div class=\"content\">\r\n                            <h2>Entretien et r\u00e9parations<\/h2>\r\n                            <ul>\r\n                                <li><a href=\"https:\/\/apacheironworks.com\/fr\/\">Accueil<\/a><\/li>\r\n                                <li>Entretien et r\u00e9parations<\/li>\r\n                            <\/ul>\r\n                        <\/div>\r\n                    <\/div>\r\n                <\/div>\r\n            <\/div>\r\n        <\/section>\r\n        \r\n        \t\t\t\t<\/div>\n\t\t\t\t<\/div>\n\t\t\t\t<\/div>\n\t\t<div class=\"elementor-element elementor-element-649b4c1 e-flex e-con-boxed wpr-particle-no wpr-jarallax-no wpr-parallax-no wpr-sticky-section-no wpr-equal-height-no e-con e-parent\" data-id=\"649b4c1\" data-element_type=\"container\" data-e-type=\"container\">\n\t\t\t\t\t<div class=\"e-con-inner\">\n\t\t<div class=\"elementor-element elementor-element-b2288d8 e-con-full e-flex wpr-particle-no wpr-jarallax-no wpr-parallax-no wpr-sticky-section-no wpr-equal-height-no e-con e-child\" data-id=\"b2288d8\" data-element_type=\"container\" data-e-type=\"container\">\n\t\t\t\t<div class=\"elementor-element elementor-element-617fad7 elementor-widget elementor-widget-codexunictheme-common-content\" data-id=\"617fad7\" data-element_type=\"widget\" data-e-type=\"widget\" data-widget_type=\"codexunictheme-common-content.default\">\n\t\t\t\t<div class=\"elementor-widget-container\">\n\t\t\t\t\t\r\n        <div class=\"common-content-section\">\r\n                            <h1>LAISSEZ APACHE RELEVER LE D\u00c9FI DE LA MAINTENANCE<\/h1>\r\n                        <p>APACHE propose des \u00e9quipes de maintenance et de r\u00e9paration pour s'occuper de la liste des travaux \u00e0 effectuer dans vos usines.  La cl\u00e9 de la production dans toute usine est un bon programme d'entretien.  L'industrie mini\u00e8re, comme de nombreux m\u00e9tiers, souffre d'un manque de m\u00e9caniciens et d'ouvriers qualifi\u00e9s.  Les planificateurs de l'industrie font de leur mieux pour automatiser les usines et contourner les p\u00e9nuries de main-d'\u0153uvre.<\/p><p><strong>PROBL\u00c8ME :<\/strong>\u00a0 L'exploitation mini\u00e8re est une activit\u00e9 pratique et l'on aura toujours besoin de travailleurs qualifi\u00e9s.<\/p><p><strong>SOLUTION :<\/strong>\u00a0 Le personnel d'APACHE est disponible pour r\u00e9aliser des \u00e9tudes d'usine avec votre \u00e9quipe de direction.  Nous travaillerons avec vous pour d\u00e9velopper une liste de priorit\u00e9s et ensuite un programme d'entretien de routine.  Avec une liste d\u00e9finie de projets et un programme d'entretien \u00e9tabli, APACHE enverra ses partenaires contractuels pour effectuer le travail.<\/p><p>T\u00e9l\u00e9charger notre guide de maintenance hivernale pour les op\u00e9rations d'extraction de granulats<br \/><a href=\"https:\/\/apacheironworks.com\/wp-content\/uploads\/2025\/07\/Winter-Maintenance-Guide-for-Aggregate-Mining-Operations.pdf\" target=\"_blank\" rel=\"noopener\">Guide de l'entretien hivernal<\/a><\/p>        <\/div>\r\n        \r\n        \t\t\t\t<\/div>\n\t\t\t\t<\/div>\n\t\t\t\t<\/div>\n\t\t<div class=\"elementor-element elementor-element-89758a7 e-con-full e-flex wpr-particle-no wpr-jarallax-no wpr-parallax-no wpr-sticky-section-no wpr-equal-height-no e-con e-child\" data-id=\"89758a7\" data-element_type=\"container\" data-e-type=\"container\">\n\t\t\t\t<div class=\"elementor-element elementor-element-e318808 elementor-widget elementor-widget-codexunictheme-services-details\" data-id=\"e318808\" data-element_type=\"widget\" data-e-type=\"widget\" data-widget_type=\"codexunictheme-services-details.default\">\n\t\t\t\t<div class=\"elementor-widget-container\">\n\t\t\t\t\t\r\n        <div class=\"services-details-list\">\r\n            <h3>Solutions<\/h3>\r\n            <ul>\r\n                                    <li class=\"yes\"><a href=\"\/fr\/services\/solutions\/maintenance-repairs\/\">Entretien et r\u00e9parations<\/a><\/li>\r\n                                    <li class=\"no\"><a href=\"\/fr\/services\/solutions\/training-safety-awareness\/\">Formation et sensibilisation \u00e0 la s\u00e9curit\u00e9<\/a><\/li>\r\n                                    <li class=\"no\"><a href=\"\/fr\/services\/solutions\/onsite-consulting-commissioning\/\">Conseil et mise en service sur site<\/a><\/li>\r\n                                    <li class=\"no\"><a href=\"\/fr\/services\/solutions\/epcm\/\">EPCM<\/a><\/li>\r\n                            <\/ul>\r\n        <\/div>\r\n        \r\n        \t\t\t\t<\/div>\n\t\t\t\t<\/div>\n\t\t\t\t<div class=\"elementor-element elementor-element-6c32e53 elementor-widget elementor-widget-codexunictheme-services-contact-banner\" data-id=\"6c32e53\" data-element_type=\"widget\" data-e-type=\"widget\" data-widget_type=\"codexunictheme-services-contact-banner.default\">\n\t\t\t\t<div class=\"elementor-widget-container\">\n\t\t\t\t\t\r\n        <div class=\"services-details-ct-banner\" style=\"background-image: url('https:\/\/apache-ironworks-new.us9.cdn-alpha.com\/wp-content\/uploads\/2025\/02\/Picture4.png');\">\r\n            <div>\r\n                <div class=\"icon\">\r\n                    <i class=\"fa-light fa-phone\"><\/i>\r\n                <\/div>\r\n                <h3>Vous avez des questions ? Appelez-nous d\u00e8s aujourd'hui !<\/h3>\r\n                <h5>307-772-4563<\/h5>\r\n            <\/div>\r\n            \r\n        <\/div>\r\n        \r\n        \t\t\t\t<\/div>\n\t\t\t\t<\/div>\n\t\t\t\t<\/div>\n\t\t\t\t\t<\/div>\n\t\t\t\t<\/div>\n\t\t\t\t<\/div>","protected":false},"excerpt":{"rendered":"<p>Maintenance &#038; Repairs Home Maintenance &#038; Repairs LET APACHE TAKE ON YOUR MAINTENANCE CHALLENGE APACHE offers maintenance and repair crews to tackle your plants\u2019 punch list.\u00a0 The key to production in\u00a0any plant is a good maintenance program.\u00a0 Mining like many of the trades suffer from a lack of skilled mechanics and fabricators.\u00a0 Industry planners are doing their best to automate plants and engineer their way around labor shortages. PROBLEM:\u00a0 Mining is a hands-on business and skilled workers will always be needed. SOLUTION:\u00a0 APACHE personnel is available to perform plant surveys with your management team.\u00a0 We will work with you to develop a hot list and then a routine maintenance program.\u00a0 With a defined list of projects and an established maintenance program, APACHE will dispatch our contract partners to get the work done. Download our Winter Maintenance Guide for Aggregate Mining OperationsWinter_Maitenance_Guide Solutions Maintenance &#038; Repairs Training &#038; Safety Awareness Onsite Consulting &#038; Commissioning EPCM Have Any Questions? Call Us Today! 307-772-4563<\/p>","protected":false},"author":1,"featured_media":0,"parent":1279,"menu_order":0,"comment_status":"closed","ping_status":"closed","template":"elementor_header_footer","meta":{"footnotes":""},"class_list":["post-1421","page","type-page","status-publish","hentry"],"_links":{"self":[{"href":"https:\/\/apacheironworks.com\/fr\/wp-json\/wp\/v2\/pages\/1421","targetHints":{"allow":["GET"]}}],"collection":[{"href":"https:\/\/apacheironworks.com\/fr\/wp-json\/wp\/v2\/pages"}],"about":[{"href":"https:\/\/apacheironworks.com\/fr\/wp-json\/wp\/v2\/types\/page"}],"author":[{"embeddable":true,"href":"https:\/\/apacheironworks.com\/fr\/wp-json\/wp\/v2\/users\/1"}],"replies":[{"embeddable":true,"href":"https:\/\/apacheironworks.com\/fr\/wp-json\/wp\/v2\/comments?post=1421"}],"version-history":[{"count":30,"href":"https:\/\/apacheironworks.com\/fr\/wp-json\/wp\/v2\/pages\/1421\/revisions"}],"predecessor-version":[{"id":4299,"href":"https:\/\/apacheironworks.com\/fr\/wp-json\/wp\/v2\/pages\/1421\/revisions\/4299"}],"up":[{"embeddable":true,"href":"https:\/\/apacheironworks.com\/fr\/wp-json\/wp\/v2\/pages\/1279"}],"wp:attachment":[{"href":"https:\/\/apacheironworks.com\/fr\/wp-json\/wp\/v2\/media?parent=1421"}],"curies":[{"name":"wp","href":"https:\/\/api.w.org\/{rel}","templated":true}]}}