{"id":1381,"date":"2025-02-18T05:26:23","date_gmt":"2025-02-18T05:26:23","guid":{"rendered":"https:\/\/apache-ironworks-new.us9.cdn-alpha.com\/?page_id=1381"},"modified":"2026-03-27T14:02:46","modified_gmt":"2026-03-27T19:02:46","slug":"crusher-spare-parts","status":"publish","type":"page","link":"https:\/\/apacheironworks.com\/fr\/parts\/crusher-spare-parts\/","title":{"rendered":"Pi\u00e8ces d\u00e9tach\u00e9es pour concasseurs"},"content":{"rendered":"<div data-elementor-type=\"wp-page\" data-elementor-id=\"1381\" class=\"elementor elementor-1381\">\n\t\t\t\t<div class=\"elementor-element elementor-element-5bcc92c e-con-full e-flex wpr-particle-no wpr-jarallax-no wpr-parallax-no wpr-sticky-section-no wpr-equal-height-no e-con e-parent\" data-id=\"5bcc92c\" data-element_type=\"container\" data-e-type=\"container\" data-settings=\"{&quot;background_background&quot;:&quot;classic&quot;}\">\n\t\t\t\t<div class=\"elementor-element elementor-element-4fc8a2b elementor-widget elementor-widget-codexunictheme-breadcrumb\" data-id=\"4fc8a2b\" data-element_type=\"widget\" data-e-type=\"widget\" data-widget_type=\"codexunictheme-breadcrumb.default\">\n\t\t\t\t<div class=\"elementor-widget-container\">\n\t\t\t\t\t        \r\n        <section class=\"breadcrumb-section text-center pt-200 pb-140\" style=\"background-image: url('');\">\r\n            <div class=\"container\">\r\n                <div class=\"row\">\r\n                    <div class=\"col-lg-12\">\r\n                        <div class=\"content\">\r\n                            <h2>Pi\u00e8ces d\u00e9tach\u00e9es pour concasseurs<\/h2>\r\n                            <ul>\r\n                                <li><a href=\"https:\/\/apacheironworks.com\/fr\/\">Accueil<\/a><\/li>\r\n                                <li>Pi\u00e8ces d\u00e9tach\u00e9es pour concasseurs<\/li>\r\n                            <\/ul>\r\n                        <\/div>\r\n                    <\/div>\r\n                <\/div>\r\n            <\/div>\r\n        <\/section>\r\n        \r\n        \t\t\t\t<\/div>\n\t\t\t\t<\/div>\n\t\t\t\t<\/div>\n\t\t<div class=\"elementor-element elementor-element-3920a0c e-flex e-con-boxed wpr-particle-no wpr-jarallax-no wpr-parallax-no wpr-sticky-section-no wpr-equal-height-no e-con e-parent\" data-id=\"3920a0c\" data-element_type=\"container\" data-e-type=\"container\">\n\t\t\t\t\t<div class=\"e-con-inner\">\n\t\t\t\t<div class=\"elementor-element elementor-element-8dbac12 elementor-widget elementor-widget-codexunictheme-common-content\" data-id=\"8dbac12\" data-element_type=\"widget\" data-e-type=\"widget\" data-widget_type=\"codexunictheme-common-content.default\">\n\t\t\t\t<div class=\"elementor-widget-container\">\n\t\t\t\t\t\r\n        <div class=\"common-content-section\">\r\n                            <h1>Pi\u00e8ces de rechange pour concasseurs - Fabrication de pr\u00e9cision pour une disponibilit\u00e9 maximale<\/h1>\r\n                        <p>Chez Apache Iron Works, notre <strong data-start=\"319\" data-end=\"342\">pi\u00e8ces de rechange pour concasseurs<\/strong> sont con\u00e7us dans un souci de pr\u00e9cision, de durabilit\u00e9 et de performance. Nous comprenons que les temps d'arr\u00eat ne sont pas une option dans les industries mini\u00e8res et d'agr\u00e9gats, c'est pourquoi nous fournissons des composants de remplacement de premi\u00e8re qualit\u00e9 construits selon des sp\u00e9cifications exactes. Des pi\u00e8ces d'usure aux assemblages critiques, chaque pi\u00e8ce est con\u00e7ue pour prolonger la dur\u00e9e de vie de l'\u00e9quipement, am\u00e9liorer la fiabilit\u00e9 et permettre \u00e0 votre exploitation de fonctionner au maximum de son efficacit\u00e9. Que vous exploitiez une seule usine ou une flotte enti\u00e8re, faites confiance \u00e0 Apache pour des pi\u00e8ces de rechange robustes et fiables. <strong data-start=\"837\" data-end=\"860\">pi\u00e8ces de rechange pour concasseurs<\/strong> qui tiennent leurs promesses sous pression.<\/p>        <\/div>\r\n        \r\n        \t\t\t\t<\/div>\n\t\t\t\t<\/div>\n\t\t\t\t\t<\/div>\n\t\t\t\t<\/div>\n\t\t<div class=\"elementor-element elementor-element-649b4c1 e-flex e-con-boxed wpr-particle-no wpr-jarallax-no wpr-parallax-no wpr-sticky-section-no wpr-equal-height-no e-con e-parent\" data-id=\"649b4c1\" data-element_type=\"container\" data-e-type=\"container\">\n\t\t\t\t\t<div class=\"e-con-inner\">\n\t\t<div class=\"elementor-element elementor-element-b2288d8 e-con-full e-flex wpr-particle-no wpr-jarallax-no wpr-parallax-no wpr-sticky-section-no wpr-equal-height-no e-con e-child\" data-id=\"b2288d8\" data-element_type=\"container\" data-e-type=\"container\">\n\t\t<div class=\"elementor-element elementor-element-a60c1ef e-grid e-con-full wpr-particle-no wpr-jarallax-no wpr-parallax-no wpr-sticky-section-no wpr-equal-height-no e-con e-child\" data-id=\"a60c1ef\" data-element_type=\"container\" data-e-type=\"container\">\n\t\t\t\t<div class=\"elementor-element elementor-element-96eb5e8 elementor-widget elementor-widget-image\" data-id=\"96eb5e8\" data-element_type=\"widget\" data-e-type=\"widget\" data-widget_type=\"image.default\">\n\t\t\t\t<div class=\"elementor-widget-container\">\n\t\t\t\t\t\t\t\t\t\t\t\t\t\t\t<img fetchpriority=\"high\" decoding=\"async\" width=\"310\" height=\"310\" src=\"https:\/\/apacheironworks.com\/wp-content\/uploads\/2025\/02\/Crusher_spare_pic4.png\" class=\"attachment-full size-full wp-image-1387\" alt=\"Crusher Spare\" srcset=\"https:\/\/apacheironworks.com\/wp-content\/uploads\/2025\/02\/Crusher_spare_pic4.png 310w, https:\/\/apacheironworks.com\/wp-content\/uploads\/2025\/02\/Crusher_spare_pic4-300x300.png 300w, https:\/\/apacheironworks.com\/wp-content\/uploads\/2025\/02\/Crusher_spare_pic4-150x150.png 150w\" sizes=\"(max-width: 310px) 100vw, 310px\" \/>\t\t\t\t\t\t\t\t\t\t\t\t\t\t\t<\/div>\n\t\t\t\t<\/div>\n\t\t\t\t<div class=\"elementor-element elementor-element-23e24ea elementor-widget elementor-widget-image\" data-id=\"23e24ea\" data-element_type=\"widget\" data-e-type=\"widget\" data-widget_type=\"image.default\">\n\t\t\t\t<div class=\"elementor-widget-container\">\n\t\t\t\t\t\t\t\t\t\t\t\t\t\t\t<img decoding=\"async\" width=\"310\" height=\"310\" src=\"https:\/\/apacheironworks.com\/wp-content\/uploads\/2025\/02\/Crusher_spare_pic1.png\" class=\"attachment-full size-full wp-image-1386\" alt=\"Crusher Spare\" srcset=\"https:\/\/apacheironworks.com\/wp-content\/uploads\/2025\/02\/Crusher_spare_pic1.png 310w, https:\/\/apacheironworks.com\/wp-content\/uploads\/2025\/02\/Crusher_spare_pic1-300x300.png 300w, https:\/\/apacheironworks.com\/wp-content\/uploads\/2025\/02\/Crusher_spare_pic1-150x150.png 150w\" sizes=\"(max-width: 310px) 100vw, 310px\" \/>\t\t\t\t\t\t\t\t\t\t\t\t\t\t\t<\/div>\n\t\t\t\t<\/div>\n\t\t\t\t<div class=\"elementor-element elementor-element-3d10cdb elementor-widget elementor-widget-image\" data-id=\"3d10cdb\" data-element_type=\"widget\" data-e-type=\"widget\" data-widget_type=\"image.default\">\n\t\t\t\t<div class=\"elementor-widget-container\">\n\t\t\t\t\t\t\t\t\t\t\t\t\t\t\t<img decoding=\"async\" width=\"310\" height=\"310\" src=\"https:\/\/apacheironworks.com\/wp-content\/uploads\/2025\/02\/Crusher_spare_pic2-1.png\" class=\"attachment-full size-full wp-image-1385\" alt=\"Crusher Spare\" srcset=\"https:\/\/apacheironworks.com\/wp-content\/uploads\/2025\/02\/Crusher_spare_pic2-1.png 310w, https:\/\/apacheironworks.com\/wp-content\/uploads\/2025\/02\/Crusher_spare_pic2-1-300x300.png 300w, https:\/\/apacheironworks.com\/wp-content\/uploads\/2025\/02\/Crusher_spare_pic2-1-150x150.png 150w\" sizes=\"(max-width: 310px) 100vw, 310px\" \/>\t\t\t\t\t\t\t\t\t\t\t\t\t\t\t<\/div>\n\t\t\t\t<\/div>\n\t\t\t\t<div class=\"elementor-element elementor-element-6d6d79c elementor-widget elementor-widget-image\" data-id=\"6d6d79c\" data-element_type=\"widget\" data-e-type=\"widget\" data-widget_type=\"image.default\">\n\t\t\t\t<div class=\"elementor-widget-container\">\n\t\t\t\t\t\t\t\t\t\t\t\t\t\t\t<img loading=\"lazy\" decoding=\"async\" width=\"310\" height=\"310\" src=\"https:\/\/apacheironworks.com\/wp-content\/uploads\/2025\/02\/Crusher_spare_pic3.png\" class=\"attachment-full size-full wp-image-1384\" alt=\"Crusher Spare\" srcset=\"https:\/\/apacheironworks.com\/wp-content\/uploads\/2025\/02\/Crusher_spare_pic3.png 310w, https:\/\/apacheironworks.com\/wp-content\/uploads\/2025\/02\/Crusher_spare_pic3-300x300.png 300w, https:\/\/apacheironworks.com\/wp-content\/uploads\/2025\/02\/Crusher_spare_pic3-150x150.png 150w\" sizes=\"(max-width: 310px) 100vw, 310px\" \/>\t\t\t\t\t\t\t\t\t\t\t\t\t\t\t<\/div>\n\t\t\t\t<\/div>\n\t\t\t\t<\/div>\n\t\t\t\t<div class=\"elementor-element elementor-element-2713b10 elementor-widget elementor-widget-heading\" data-id=\"2713b10\" data-element_type=\"widget\" data-e-type=\"widget\" data-widget_type=\"heading.default\">\n\t\t\t\t<div class=\"elementor-widget-container\">\n\t\t\t\t\t<h2 class=\"elementor-heading-title elementor-size-default\">Commander des pi\u00e8ces ici<\/h2>\t\t\t\t<\/div>\n\t\t\t\t<\/div>\n\t\t\t\t<div class=\"elementor-element elementor-element-46d6398 elementor-widget elementor-widget-text-editor\" data-id=\"46d6398\" data-element_type=\"widget\" data-e-type=\"widget\" data-widget_type=\"text-editor.default\">\n\t\t\t\t<div class=\"elementor-widget-container\">\n\t\t\t\t\t\t\t\t\t<p>Veuillez indiquer vos coordonn\u00e9es ci-dessous, et nous vous contacterons au sujet de vos commandes dans les plus brefs d\u00e9lais.<\/p>\t\t\t\t\t\t\t\t<\/div>\n\t\t\t\t<\/div>\n\t\t\t\t<div class=\"elementor-element elementor-element-9ec1641 elementor-widget elementor-widget-shortcode\" data-id=\"9ec1641\" data-element_type=\"widget\" data-e-type=\"widget\" data-widget_type=\"shortcode.default\">\n\t\t\t\t<div class=\"elementor-widget-container\">\n\t\t\t\t\t\t\t<div class=\"elementor-shortcode\">\n<div class=\"wpcf7 no-js\" id=\"wpcf7-f1380-o1\" lang=\"en-US\" dir=\"ltr\" data-wpcf7-id=\"1380\">\n<div class=\"screen-reader-response\"><p role=\"status\" aria-live=\"polite\" aria-atomic=\"true\"><\/p> <ul><\/ul><\/div>\n<form action=\"\/fr\/wp-json\/wp\/v2\/pages\/1381#wpcf7-f1380-o1\" method=\"post\" class=\"wpcf7-form init\" aria-label=\"Contact form\" novalidate=\"novalidate\" data-status=\"init\" data-trp-original-action=\"\/fr\/wp-json\/wp\/v2\/pages\/1381#wpcf7-f1380-o1\">\n<fieldset class=\"hidden-fields-container\"><input type=\"hidden\" name=\"_wpcf7\" value=\"1380\" \/><input type=\"hidden\" name=\"_wpcf7_version\" value=\"6.1.5\" \/><input type=\"hidden\" name=\"_wpcf7_locale\" value=\"en_US\" \/><input type=\"hidden\" name=\"_wpcf7_unit_tag\" value=\"wpcf7-f1380-o1\" \/><input type=\"hidden\" name=\"_wpcf7_container_post\" value=\"0\" \/><input type=\"hidden\" name=\"_wpcf7_posted_data_hash\" value=\"\" \/>\n<\/fieldset>\n<div class=\"row\">\n\t<div class=\"col-sm-12\" style=\"padding:10px 0;\">\n\t\t<div class=\"single-input\">\n\t\t\t<p><span style=\"font-weight: bold; font-size: 22px;\">Vos informations<\/span>\n\t\t\t<\/p>\n\t\t<\/div>\n\t<\/div>\n\t<div class=\"col-sm-12\" style=\"padding:10px 0;\">\n\t\t<div class=\"single-input\">\n\t\t\t<p><span class=\"wpcf7-form-control-wrap\" data-name=\"your-name\"><input size=\"40\" maxlength=\"400\" class=\"wpcf7-form-control wpcf7-text wpcf7-validates-as-required\" id=\"name\" aria-required=\"true\" aria-invalid=\"false\" placeholder=\"Nom complet\" value=\"\" type=\"text\" name=\"your-name\" \/><\/span>\n\t\t\t<\/p>\n\t\t<\/div>\n\t<\/div>\n\t<div class=\"col-sm-12\" style=\"padding:10px 0;\">\n\t\t<div class=\"single-input\">\n\t\t\t<p><span class=\"wpcf7-form-control-wrap\" data-name=\"your-email\"><input size=\"40\" maxlength=\"400\" class=\"wpcf7-form-control wpcf7-email wpcf7-validates-as-required wpcf7-text wpcf7-validates-as-email\" id=\"email\" aria-required=\"true\" aria-invalid=\"false\" placeholder=\"Adresse \u00e9lectronique\" value=\"\" type=\"email\" name=\"your-email\" \/><\/span>\n\t\t\t<\/p>\n\t\t<\/div>\n\t<\/div>\n\t<div class=\"col-sm-12\" style=\"padding:10px 0;\">\n\t\t<div class=\"single-input\">\n\t\t\t<p><span class=\"wpcf7-form-control-wrap\" data-name=\"your-phone\"><input size=\"40\" maxlength=\"400\" class=\"wpcf7-form-control wpcf7-text wpcf7-validates-as-required\" id=\"phone\" aria-required=\"true\" aria-invalid=\"false\" placeholder=\"Num\u00e9ro de t\u00e9l\u00e9phone\" value=\"\" type=\"text\" name=\"your-phone\" \/><\/span>\n\t\t\t<\/p>\n\t\t<\/div>\n\t<\/div>\n\t<div class=\"col-sm-12\" style=\"padding:10px 0;\">\n\t\t<div class=\"single-input\">\n\t\t\t<p><span style=\"font-weight: bold; font-size: 22px;\">Informations sur l'entreprise<\/span>\n\t\t\t<\/p>\n\t\t<\/div>\n\t<\/div>\n\t<div class=\"col-sm-12\" style=\"padding:10px 0;\">\n\t\t<div class=\"single-input\">\n\t\t\t<p><span class=\"wpcf7-form-control-wrap\" data-name=\"company-name\"><input size=\"40\" maxlength=\"400\" class=\"wpcf7-form-control wpcf7-text wpcf7-validates-as-required\" id=\"companyname\" aria-required=\"true\" aria-invalid=\"false\" placeholder=\"Nom de l&#039;entreprise\" value=\"\" type=\"text\" name=\"company-name\" \/><\/span>\n\t\t\t<\/p>\n\t\t<\/div>\n\t<\/div>\n\t<div class=\"col-sm-12\" style=\"padding:10px 0;\">\n\t\t<div class=\"single-input\">\n\t\t\t<p><span class=\"wpcf7-form-control-wrap\" data-name=\"job-title\"><input size=\"40\" maxlength=\"400\" class=\"wpcf7-form-control wpcf7-text wpcf7-validates-as-required\" id=\"jobtitle\" aria-required=\"true\" aria-invalid=\"false\" placeholder=\"Titre du poste\" value=\"\" type=\"text\" name=\"job-title\" \/><\/span>\n\t\t\t<\/p>\n\t\t<\/div>\n\t<\/div>\n\t<div class=\"col-sm-12\" style=\"padding:10px 0;\">\n\t\t<div class=\"single-input\">\n\t\t\t<p><span class=\"wpcf7-form-control-wrap\" data-name=\"address\"><input size=\"40\" maxlength=\"400\" class=\"wpcf7-form-control wpcf7-text wpcf7-validates-as-required\" id=\"address\" aria-required=\"true\" aria-invalid=\"false\" placeholder=\"Adresse\" value=\"\" type=\"text\" name=\"address\" \/><\/span>\n\t\t\t<\/p>\n\t\t<\/div>\n\t<\/div>\n\t<div class=\"col-sm-12\" style=\"padding:10px 0;\">\n\t\t<div class=\"single-input\">\n\t\t\t<p><span class=\"wpcf7-form-control-wrap\" data-name=\"address2\"><input size=\"40\" maxlength=\"400\" class=\"wpcf7-form-control wpcf7-text wpcf7-validates-as-required\" id=\"address2\" aria-required=\"true\" aria-invalid=\"false\" placeholder=\"Adresse2\" value=\"\" type=\"text\" name=\"address2\" \/><\/span>\n\t\t\t<\/p>\n\t\t<\/div>\n\t<\/div>\n\t<div class=\"col-sm-12\" style=\"padding:10px 0;\">\n\t\t<div class=\"single-input\">\n\t\t\t<p><span class=\"wpcf7-form-control-wrap\" data-name=\"complete-details\"><input size=\"40\" maxlength=\"400\" class=\"wpcf7-form-control wpcf7-text wpcf7-validates-as-required\" id=\"completedetails\" aria-required=\"true\" aria-invalid=\"false\" placeholder=\"Ville \u00c9tat\/Province\/R\u00e9gion Code postal Pays\" value=\"\" type=\"text\" name=\"complete-details\" \/><\/span>\n\t\t\t<\/p>\n\t\t<\/div>\n\t<\/div>\n\t<div class=\"col-sm-12\" style=\"padding:10px 0;\">\n\t\t<div class=\"single-input\">\n\t\t\t<p><span style=\"font-weight: bold; font-size: 22px;\">A propos de votre demande<\/span>\n\t\t\t<\/p>\n\t\t<\/div>\n\t<\/div>\n\t<div class=\"col-sm-12\" style=\"padding:10px 0;\">\n\t\t<div class=\"single-input\">\n\t\t\t<p><span class=\"wpcf7-form-control-wrap\" data-name=\"manufacture-name\"><input size=\"40\" maxlength=\"400\" class=\"wpcf7-form-control wpcf7-text wpcf7-validates-as-required\" id=\"manName\" aria-required=\"true\" aria-invalid=\"false\" placeholder=\"Nom du fabricant\" value=\"\" type=\"text\" name=\"manufacture-name\" \/><\/span>\n\t\t\t<\/p>\n\t\t<\/div>\n\t<\/div>\n\t<div class=\"col-sm-12\" style=\"padding:10px 0;\">\n\t\t<div class=\"single-input\">\n\t\t\t<p><span class=\"wpcf7-form-control-wrap\" data-name=\"modelnum\"><input size=\"40\" maxlength=\"400\" class=\"wpcf7-form-control wpcf7-text wpcf7-validates-as-required\" id=\"modelnum\" aria-required=\"true\" aria-invalid=\"false\" placeholder=\"Num\u00e9ro de mod\u00e8le\" value=\"\" type=\"text\" name=\"modelnum\" \/><\/span>\n\t\t\t<\/p>\n\t\t<\/div>\n\t<\/div>\n\t<div class=\"col-sm-12\" style=\"padding:10px 0;\">\n\t\t<div class=\"single-input\">\n\t\t\t<p><span class=\"wpcf7-form-control-wrap\" data-name=\"serialnum\"><input size=\"40\" maxlength=\"400\" class=\"wpcf7-form-control wpcf7-text wpcf7-validates-as-required\" id=\"serialnum\" aria-required=\"true\" aria-invalid=\"false\" placeholder=\"Num\u00e9ro de s\u00e9rie\" value=\"\" type=\"text\" name=\"serialnum\" \/><\/span>\n\t\t\t<\/p>\n\t\t<\/div>\n\t<\/div>\n\t<div class=\"col-sm-12\" style=\"padding:10px 0;\">\n\t\t<div class=\"single-input\">\n\t\t\t<p><span class=\"wpcf7-form-control-wrap\" data-name=\"partnum\"><input size=\"40\" maxlength=\"400\" class=\"wpcf7-form-control wpcf7-text wpcf7-validates-as-required\" id=\"partnum\" aria-required=\"true\" aria-invalid=\"false\" placeholder=\"Num\u00e9ro de pi\u00e8ce\" value=\"\" type=\"text\" name=\"partnum\" \/><\/span>\n\t\t\t<\/p>\n\t\t<\/div>\n\t<\/div>\n\t<div class=\"col-sm-12\" style=\"padding:10px 0;\">\n\t\t<div class=\"single-input\">\n\t\t\t<p><span class=\"wpcf7-form-control-wrap\" data-name=\"additional-details\"><textarea cols=\"40\" rows=\"10\" maxlength=\"20\" minlength=\"10\" class=\"wpcf7-form-control wpcf7-textarea\" aria-invalid=\"false\" placeholder=\"Description\" name=\"additional-details\"><\/textarea><\/span>\n\t\t\t<\/p>\n\t\t<\/div>\n\t<\/div>\n\t<div class=\"col-sm-12\" style=\"padding:10px 0;\">\n\t\t<div class=\"single-input\">\n\t\t\t<p><input class=\"wpcf7-form-control wpcf7-submit has-spinner\" type=\"submit\" value=\"Envoyer un message\" \/>\n\t\t\t<\/p>\n\t\t<\/div>\n\t<\/div>\n<\/div><div class=\"wpcf7-response-output\" aria-hidden=\"true\"><\/div>\n<input type=\"hidden\" name=\"trp-form-language\" value=\"fr\"\/><\/form>\n<\/div>\n<\/div>\n\t\t\t\t\t\t<\/div>\n\t\t\t\t<\/div>\n\t\t\t\t<\/div>\n\t\t<div class=\"elementor-element elementor-element-89758a7 e-con-full e-flex wpr-particle-no wpr-jarallax-no wpr-parallax-no wpr-sticky-section-no wpr-equal-height-no e-con e-child\" data-id=\"89758a7\" data-element_type=\"container\" data-e-type=\"container\">\n\t\t\t\t<div class=\"elementor-element elementor-element-e318808 elementor-widget elementor-widget-codexunictheme-services-details\" data-id=\"e318808\" data-element_type=\"widget\" data-e-type=\"widget\" data-widget_type=\"codexunictheme-services-details.default\">\n\t\t\t\t<div class=\"elementor-widget-container\">\n\t\t\t\t\t\r\n        <div class=\"services-details-list\">\r\n            <h3>Pi\u00e8ces d\u00e9tach\u00e9es<\/h3>\r\n            <ul>\r\n                                    <li class=\"yes\"><a href=\"\/fr\/services\/parts\/crusher-spare-parts\/\">Pi\u00e8ces d\u00e9tach\u00e9es pour concasseurs<\/a><\/li>\r\n                                    <li class=\"no\"><a href=\"\/fr\/services\/parts\/after-market\/\">Apr\u00e8s march\u00e9<\/a><\/li>\r\n                            <\/ul>\r\n        <\/div>\r\n        \r\n        \t\t\t\t<\/div>\n\t\t\t\t<\/div>\n\t\t\t\t<div class=\"elementor-element elementor-element-6c32e53 elementor-widget elementor-widget-codexunictheme-services-contact-banner\" data-id=\"6c32e53\" data-element_type=\"widget\" data-e-type=\"widget\" data-widget_type=\"codexunictheme-services-contact-banner.default\">\n\t\t\t\t<div class=\"elementor-widget-container\">\n\t\t\t\t\t\r\n        <div class=\"services-details-ct-banner\" style=\"background-image: url('https:\/\/apache-ironworks-new.us9.cdn-alpha.com\/wp-content\/uploads\/2025\/02\/Picture4.png');\">\r\n            <div>\r\n                <div class=\"icon\">\r\n                    <i class=\"fa-light fa-phone\"><\/i>\r\n                <\/div>\r\n                <h3>Vous avez des questions ? Appelez-nous d\u00e8s aujourd'hui !<\/h3>\r\n                <h5>307-772-4563<\/h5>\r\n            <\/div>\r\n            \r\n        <\/div>\r\n        \r\n        \t\t\t\t<\/div>\n\t\t\t\t<\/div>\n\t\t\t\t<\/div>\n\t\t\t\t\t<\/div>\n\t\t\t\t<\/div>\n\t\t\t\t<\/div>","protected":false},"excerpt":{"rendered":"<p>Crusher Spare Parts Home Crusher Spare Parts Crusher Spare Parts | Precision-Made for Maximum Uptime At Apache Iron Works, our crusher spare parts are engineered with precision, durability, and performance in mind. We understand that downtime isn\u2019t an option in the mining and aggregate industries, which is why we supply top-grade replacement components built to exact specifications. From wear parts to critical assemblies, every part is crafted to extend equipment life, improve reliability, and keep your operation running at peak efficiency. Whether you&#8217;re running a single plant or an entire fleet, trust Apache for rugged, dependable crusher spare parts that deliver under pressure. Order Parts Here Please your details below, and we will contact you about your orders as soon as possible Parts Crusher Spare Parts After Market Have Any Questions? Call Us Today! 307-772-4563<\/p>","protected":false},"author":1,"featured_media":0,"parent":1271,"menu_order":0,"comment_status":"closed","ping_status":"closed","template":"elementor_header_footer","meta":{"footnotes":""},"class_list":["post-1381","page","type-page","status-publish","hentry"],"_links":{"self":[{"href":"https:\/\/apacheironworks.com\/fr\/wp-json\/wp\/v2\/pages\/1381","targetHints":{"allow":["GET"]}}],"collection":[{"href":"https:\/\/apacheironworks.com\/fr\/wp-json\/wp\/v2\/pages"}],"about":[{"href":"https:\/\/apacheironworks.com\/fr\/wp-json\/wp\/v2\/types\/page"}],"author":[{"embeddable":true,"href":"https:\/\/apacheironworks.com\/fr\/wp-json\/wp\/v2\/users\/1"}],"replies":[{"embeddable":true,"href":"https:\/\/apacheironworks.com\/fr\/wp-json\/wp\/v2\/comments?post=1381"}],"version-history":[{"count":23,"href":"https:\/\/apacheironworks.com\/fr\/wp-json\/wp\/v2\/pages\/1381\/revisions"}],"predecessor-version":[{"id":4266,"href":"https:\/\/apacheironworks.com\/fr\/wp-json\/wp\/v2\/pages\/1381\/revisions\/4266"}],"up":[{"embeddable":true,"href":"https:\/\/apacheironworks.com\/fr\/wp-json\/wp\/v2\/pages\/1271"}],"wp:attachment":[{"href":"https:\/\/apacheironworks.com\/fr\/wp-json\/wp\/v2\/media?parent=1381"}],"curies":[{"name":"wp","href":"https:\/\/api.w.org\/{rel}","templated":true}]}}