{"id":1348,"date":"2025-02-18T04:06:59","date_gmt":"2025-02-18T04:06:59","guid":{"rendered":"https:\/\/apache-ironworks-new.us9.cdn-alpha.com\/?page_id=1348"},"modified":"2026-03-26T16:00:57","modified_gmt":"2026-03-26T21:00:57","slug":"feeders","status":"publish","type":"page","link":"https:\/\/apacheironworks.com\/fr\/equipment\/feeders\/","title":{"rendered":"Mangeoires"},"content":{"rendered":"<div data-elementor-type=\"wp-page\" data-elementor-id=\"1348\" class=\"elementor elementor-1348\">\n\t\t\t\t<div class=\"elementor-element elementor-element-5bcc92c e-con-full e-flex wpr-particle-no wpr-jarallax-no wpr-parallax-no wpr-sticky-section-no wpr-equal-height-no e-con e-parent\" data-id=\"5bcc92c\" data-element_type=\"container\" data-e-type=\"container\" data-settings=\"{&quot;background_background&quot;:&quot;classic&quot;}\">\n\t\t\t\t<div class=\"elementor-element elementor-element-4fc8a2b elementor-widget elementor-widget-codexunictheme-breadcrumb\" data-id=\"4fc8a2b\" data-element_type=\"widget\" data-e-type=\"widget\" data-widget_type=\"codexunictheme-breadcrumb.default\">\n\t\t\t\t<div class=\"elementor-widget-container\">\n\t\t\t\t\t        \r\n        <section class=\"breadcrumb-section text-center pt-200 pb-140\" style=\"background-image: url('');\">\r\n            <div class=\"container\">\r\n                <div class=\"row\">\r\n                    <div class=\"col-lg-12\">\r\n                        <div class=\"content\">\r\n                            <h2>Mangeoires<\/h2>\r\n                            <ul>\r\n                                <li><a href=\"https:\/\/apacheironworks.com\/fr\/\">Accueil<\/a><\/li>\r\n                                <li>Mangeoires<\/li>\r\n                            <\/ul>\r\n                        <\/div>\r\n                    <\/div>\r\n                <\/div>\r\n            <\/div>\r\n        <\/section>\r\n        \r\n        \t\t\t\t<\/div>\n\t\t\t\t<\/div>\n\t\t\t\t<\/div>\n\t\t<div class=\"elementor-element elementor-element-4a00bda e-flex e-con-boxed wpr-particle-no wpr-jarallax-no wpr-parallax-no wpr-sticky-section-no wpr-equal-height-no e-con e-parent\" data-id=\"4a00bda\" data-element_type=\"container\" data-e-type=\"container\">\n\t\t\t\t\t<div class=\"e-con-inner\">\n\t\t\t\t<div class=\"elementor-element elementor-element-46c9f15 elementor-widget elementor-widget-heading\" data-id=\"46c9f15\" data-element_type=\"widget\" data-e-type=\"widget\" data-widget_type=\"heading.default\">\n\t\t\t\t<div class=\"elementor-widget-container\">\n\t\t\t\t\t<h1 class=\"elementor-heading-title elementor-size-default\">Mangeoires<\/h1>\t\t\t\t<\/div>\n\t\t\t\t<\/div>\n\t\t\t\t\t<\/div>\n\t\t\t\t<\/div>\n\t\t<div class=\"elementor-element elementor-element-649b4c1 e-flex e-con-boxed wpr-particle-no wpr-jarallax-no wpr-parallax-no wpr-sticky-section-no wpr-equal-height-no e-con e-parent\" data-id=\"649b4c1\" data-element_type=\"container\" data-e-type=\"container\">\n\t\t\t\t\t<div class=\"e-con-inner\">\n\t\t<div class=\"elementor-element elementor-element-b2288d8 e-con-full e-flex wpr-particle-no wpr-jarallax-no wpr-parallax-no wpr-sticky-section-no wpr-equal-height-no e-con e-child\" data-id=\"b2288d8\" data-element_type=\"container\" data-e-type=\"container\">\n\t\t\t\t<div class=\"elementor-element elementor-element-96eb5e8 elementor-widget elementor-widget-image\" data-id=\"96eb5e8\" data-element_type=\"widget\" data-e-type=\"widget\" data-widget_type=\"image.default\">\n\t\t\t\t<div class=\"elementor-widget-container\">\n\t\t\t\t\t\t\t\t\t\t\t\t\t\t\t<img fetchpriority=\"high\" decoding=\"async\" width=\"500\" height=\"500\" src=\"https:\/\/apacheironworks.com\/wp-content\/uploads\/2025\/02\/VG1665C-2V.png\" class=\"attachment-full size-full wp-image-1352\" alt=\"VG1665C-2V\" srcset=\"https:\/\/apacheironworks.com\/wp-content\/uploads\/2025\/02\/VG1665C-2V.png 500w, https:\/\/apacheironworks.com\/wp-content\/uploads\/2025\/02\/VG1665C-2V-300x300.png 300w, https:\/\/apacheironworks.com\/wp-content\/uploads\/2025\/02\/VG1665C-2V-150x150.png 150w\" sizes=\"(max-width: 500px) 100vw, 500px\" \/>\t\t\t\t\t\t\t\t\t\t\t\t\t\t\t<\/div>\n\t\t\t\t<\/div>\n\t\t\t\t<div class=\"elementor-element elementor-element-eaa0e99 elementor-widget elementor-widget-codexunictheme-common-content\" data-id=\"eaa0e99\" data-element_type=\"widget\" data-e-type=\"widget\" data-widget_type=\"codexunictheme-common-content.default\">\n\t\t\t\t<div class=\"elementor-widget-container\">\n\t\t\t\t\t\r\n        <div class=\"common-content-section\">\r\n                            <h2>S\u00c9RIE VG Alimentateur \u00e0 grizzly vibrant \u00e0 usage intensif<\/h2>\r\n                        <p>Les alimentateurs vibrants APACHE VG int\u00e8grent des d\u00e9cennies d'am\u00e9liorations test\u00e9es sur le terrain. Le m\u00e9canisme vibrant \u00e0 deux arbres sous le ch\u00e2ssis est con\u00e7u pour des ann\u00e9es de service sans probl\u00e8me et, si n\u00e9cessaire, peut \u00eatre reconstruit sur place dans la plupart des cas. Tous les alimentateurs APACHE sont lubrifi\u00e9s \u00e0 l'huile. Les alimentateurs VG sont \u00e9quip\u00e9s en standard de barres de pr\u00e9hension en alliage moul\u00e9 \u00e0 espacement fixe. Des barres de grizzly r\u00e9glables en acier fabriqu\u00e9 avec des capuchons AR peuvent \u00eatre command\u00e9es sans frais suppl\u00e9mentaires. Les caract\u00e9ristiques des alimentateurs \u00e0 grizzly APACHE VG sont les suivantes :<\/p><ul><li>M\u00e9canisme vibrant : M\u00e9canisme vibrant \u00e0 quatre roulements lubrifi\u00e9s \u00e0 l'huile, arbre double<\/li><li>Le corps de l'alimentateur en acier est dot\u00e9 d'un support de cage d'\u0153ufs con\u00e7u dans une section pour assurer la s\u00e9curit\u00e9.<\/li><li>Les t\u00f4les lat\u00e9rales usin\u00e9es avec pr\u00e9cision et d\u00e9coup\u00e9es \u00e0 la CNC sont dot\u00e9es d'une fixation par boulons \u00e0 t\u00eate frais\u00e9e qui garantit un ajustement serr\u00e9 et une longue dur\u00e9e de vie. Les connexions par boulons sont les connexions m\u00e9caniques les plus proches d'une v\u00e9ritable soudure.<\/li><li>Les bascules \u00e0 ressort sont reli\u00e9es aux t\u00f4les lat\u00e9rales du margeur. Les bas sont exp\u00e9di\u00e9s en vrac.<\/li><li>Rev\u00eatements rempla\u00e7ables pour les parois et les bacs<\/li><li>Ressorts de suspension h\u00e9lico\u00efdaux en acier tr\u00e8s r\u00e9sistants<\/li><li>1800 RPMoteur \u00e9lectrique pour broyeur<\/li><li>Choix de l'entra\u00eenement par courroie trap\u00e9zo\u00efdale ou de l'entra\u00eenement par joint universel brevet\u00e9<\/li><\/ul>        <\/div>\r\n        \r\n        \t\t\t\t<\/div>\n\t\t\t\t<\/div>\n\t\t\t\t<div class=\"elementor-element elementor-element-5837c84 elementor-widget elementor-widget-codexunictheme-service-contact\" data-id=\"5837c84\" data-element_type=\"widget\" data-e-type=\"widget\" data-widget_type=\"codexunictheme-service-contact.default\">\n\t\t\t\t<div class=\"elementor-widget-container\">\n\t\t\t\t\t\r\n        <div class=\"services-contact-section\">\r\n                        <div class=\"icon\">\r\n                <i class=\"fa-regular fa-headset\"><\/i>\r\n            <\/div>\r\n                        <div class=\"row\">\r\n                <div class=\"col-sm-8 align-self-center\">\r\n                    <p>N'h\u00e9sitez pas \u00e0 nous contacter pour obtenir une aide et des services de meilleure qualit\u00e9. D\u00e9couvrez tous les services. <\/p>\r\n                <\/div>\r\n                <div class=\"col-sm-4 text-md-right align-self-center\">\r\n                                            <a href=\"\/fr\/contact-us\/\" class=\"button-2\">\r\n                            Nous contacter                        <\/a>\r\n                                    <\/div>\r\n            <\/div>\r\n        <\/div>\r\n        \t\t\t\t<\/div>\n\t\t\t\t<\/div>\n\t\t\t\t<\/div>\n\t\t<div class=\"elementor-element elementor-element-89758a7 e-con-full e-flex wpr-particle-no wpr-jarallax-no wpr-parallax-no wpr-sticky-section-no wpr-equal-height-no e-con e-child\" data-id=\"89758a7\" data-element_type=\"container\" data-e-type=\"container\">\n\t\t\t\t<div class=\"elementor-element elementor-element-a1d929c elementor-widget elementor-widget-codexunictheme-services-details\" data-id=\"a1d929c\" data-element_type=\"widget\" data-e-type=\"widget\" data-widget_type=\"codexunictheme-services-details.default\">\n\t\t\t\t<div class=\"elementor-widget-container\">\n\t\t\t\t\t\r\n        <div class=\"services-details-list\">\r\n            <h3>Equipement<\/h3>\r\n            <ul>\r\n                                    <li class=\"no\"><a href=\"\/fr\/services\/equipment\/crushers\/\">Broyeur<\/a><\/li>\r\n                                    <li class=\"no\"><a href=\"\/fr\/services\/equipment\/plants\/\">Plantes<\/a><\/li>\r\n                                    <li class=\"no\"><a href=\"\/fr\/services\/equipment\/screens\/\">\u00c9crans<\/a><\/li>\r\n                                    <li class=\"yes\"><a href=\"\/fr\/services\/equipment\/feeders\/\">Mangeoires<\/a><\/li>\r\n                                    <li class=\"no\"><a href=\"\/fr\/services\/equipment\/washing-and-classifying\/\">Washing and Classifying<\/a><\/li>\r\n                                    <li class=\"no\"><a href=\"\/fr\/services\/equipment\/material-handling\/\">Manutention<\/a><\/li>\r\n                            <\/ul>\r\n        <\/div>\r\n        \r\n        \t\t\t\t<\/div>\n\t\t\t\t<\/div>\n\t\t\t\t<div class=\"elementor-element elementor-element-6c32e53 elementor-widget elementor-widget-codexunictheme-services-contact-banner\" data-id=\"6c32e53\" data-element_type=\"widget\" data-e-type=\"widget\" data-widget_type=\"codexunictheme-services-contact-banner.default\">\n\t\t\t\t<div class=\"elementor-widget-container\">\n\t\t\t\t\t\r\n        <div class=\"services-details-ct-banner\" style=\"background-image: url('https:\/\/apache-ironworks-new.us9.cdn-alpha.com\/wp-content\/uploads\/2025\/02\/Picture4.png');\">\r\n            <div>\r\n                <div class=\"icon\">\r\n                    <i class=\"fa-light fa-phone\"><\/i>\r\n                <\/div>\r\n                <h3>Vous avez des questions ? Appelez-nous d\u00e8s aujourd'hui !<\/h3>\r\n                <h5>307-772-4563<\/h5>\r\n            <\/div>\r\n            \r\n        <\/div>\r\n        \r\n        \t\t\t\t<\/div>\n\t\t\t\t<\/div>\n\t\t\t\t<\/div>\n\t\t\t\t\t<\/div>\n\t\t\t\t<\/div>\n\t\t\t\t<\/div>","protected":false},"excerpt":{"rendered":"<p>Feeders Home Feeders Feeders VG SERIES Heavy Duty Vibrating Grizzly Feeder APACHE VG Vibrating Grizzly Feeders incorporate decades of field-tested improvement. The underslung twin shaft vibrating mechanism is designed for years of trouble-free service and when needed can be rebuilt in place in most cases. All APACHEfeeders are oil lubricated. VG Feeders come standard with extreme duty fixed spacing cast alloy grizzly bars. Adjustable, fabricated steel grizzly bars with AR caps can be ordered at no additional cost. APACHE VG Grizzly Feeders features include: Vibrating Mechanism: Oil Lubricated Four-Bearing Vibrating Mechanism, Twin Shaft Fabricated steel feeder body has Egg Crate Supportdesigninpansectionfordurability CNC cut precision-machined sides sheets feature huck-bolted fastening to ensure a tight fit and long life. Huck bolt connections are the closest mechanical connection to actual weld. Springmountuppers connected to feeder side sheets. Lowers shipped loose. ReplaceableARSide &amp; Pan Liners HeavyDuty Steel Coil Suspension Springs 1800 RPMCrusher Duty Electric Motor Choice Of V-Belt DriveorPatentedUniversal Joint Drive Don\u2019t hesitate, contact us for better help and services. Explore all services. Contact Us Equipment Crusher Plants Screens Feeders Washing and Classifying Material Handling Have Any Questions? Call Us Today! 307-772-4563<\/p>","protected":false},"author":1,"featured_media":0,"parent":1261,"menu_order":0,"comment_status":"closed","ping_status":"closed","template":"elementor_header_footer","meta":{"footnotes":""},"class_list":["post-1348","page","type-page","status-publish","hentry"],"_links":{"self":[{"href":"https:\/\/apacheironworks.com\/fr\/wp-json\/wp\/v2\/pages\/1348","targetHints":{"allow":["GET"]}}],"collection":[{"href":"https:\/\/apacheironworks.com\/fr\/wp-json\/wp\/v2\/pages"}],"about":[{"href":"https:\/\/apacheironworks.com\/fr\/wp-json\/wp\/v2\/types\/page"}],"author":[{"embeddable":true,"href":"https:\/\/apacheironworks.com\/fr\/wp-json\/wp\/v2\/users\/1"}],"replies":[{"embeddable":true,"href":"https:\/\/apacheironworks.com\/fr\/wp-json\/wp\/v2\/comments?post=1348"}],"version-history":[{"count":32,"href":"https:\/\/apacheironworks.com\/fr\/wp-json\/wp\/v2\/pages\/1348\/revisions"}],"predecessor-version":[{"id":4654,"href":"https:\/\/apacheironworks.com\/fr\/wp-json\/wp\/v2\/pages\/1348\/revisions\/4654"}],"up":[{"embeddable":true,"href":"https:\/\/apacheironworks.com\/fr\/wp-json\/wp\/v2\/pages\/1261"}],"wp:attachment":[{"href":"https:\/\/apacheironworks.com\/fr\/wp-json\/wp\/v2\/media?parent=1348"}],"curies":[{"name":"wp","href":"https:\/\/api.w.org\/{rel}","templated":true}]}}