{"id":1327,"date":"2025-02-18T03:43:11","date_gmt":"2025-02-18T03:43:11","guid":{"rendered":"https:\/\/apache-ironworks-new.us9.cdn-alpha.com\/?page_id=1327"},"modified":"2026-03-26T16:02:30","modified_gmt":"2026-03-26T21:02:30","slug":"screens","status":"publish","type":"page","link":"https:\/\/apacheironworks.com\/fr\/equipment\/screens\/","title":{"rendered":"\u00c9crans"},"content":{"rendered":"<div data-elementor-type=\"wp-page\" data-elementor-id=\"1327\" class=\"elementor elementor-1327\">\n\t\t\t\t<div class=\"elementor-element elementor-element-5bcc92c e-con-full e-flex wpr-particle-no wpr-jarallax-no wpr-parallax-no wpr-sticky-section-no wpr-equal-height-no e-con e-parent\" data-id=\"5bcc92c\" data-element_type=\"container\" data-e-type=\"container\" data-settings=\"{&quot;background_background&quot;:&quot;classic&quot;}\">\n\t\t\t\t<div class=\"elementor-element elementor-element-4fc8a2b elementor-widget elementor-widget-codexunictheme-breadcrumb\" data-id=\"4fc8a2b\" data-element_type=\"widget\" data-e-type=\"widget\" data-widget_type=\"codexunictheme-breadcrumb.default\">\n\t\t\t\t<div class=\"elementor-widget-container\">\n\t\t\t\t\t        \r\n        <section class=\"breadcrumb-section text-center pt-200 pb-140\" style=\"background-image: url('');\">\r\n            <div class=\"container\">\r\n                <div class=\"row\">\r\n                    <div class=\"col-lg-12\">\r\n                        <div class=\"content\">\r\n                            <h2>\u00c9crans<\/h2>\r\n                            <ul>\r\n                                <li><a href=\"https:\/\/apacheironworks.com\/fr\/\">Accueil<\/a><\/li>\r\n                                <li>\u00c9crans<\/li>\r\n                            <\/ul>\r\n                        <\/div>\r\n                    <\/div>\r\n                <\/div>\r\n            <\/div>\r\n        <\/section>\r\n        \r\n        \t\t\t\t<\/div>\n\t\t\t\t<\/div>\n\t\t\t\t<\/div>\n\t\t<div class=\"elementor-element elementor-element-74b0f19 e-flex e-con-boxed wpr-particle-no wpr-jarallax-no wpr-parallax-no wpr-sticky-section-no wpr-equal-height-no e-con e-parent\" data-id=\"74b0f19\" data-element_type=\"container\" data-e-type=\"container\">\n\t\t\t\t\t<div class=\"e-con-inner\">\n\t\t\t\t<div class=\"elementor-element elementor-element-ba9d90f elementor-widget elementor-widget-heading\" data-id=\"ba9d90f\" data-element_type=\"widget\" data-e-type=\"widget\" data-widget_type=\"heading.default\">\n\t\t\t\t<div class=\"elementor-widget-container\">\n\t\t\t\t\t<h1 class=\"elementor-heading-title elementor-size-default\">\u00c9crans<\/h1>\t\t\t\t<\/div>\n\t\t\t\t<\/div>\n\t\t\t\t\t<\/div>\n\t\t\t\t<\/div>\n\t\t<div class=\"elementor-element elementor-element-649b4c1 e-flex e-con-boxed wpr-particle-no wpr-jarallax-no wpr-parallax-no wpr-sticky-section-no wpr-equal-height-no e-con e-parent\" data-id=\"649b4c1\" data-element_type=\"container\" data-e-type=\"container\">\n\t\t\t\t\t<div class=\"e-con-inner\">\n\t\t<div class=\"elementor-element elementor-element-b2288d8 e-con-full e-flex wpr-particle-no wpr-jarallax-no wpr-parallax-no wpr-sticky-section-no wpr-equal-height-no e-con e-child\" data-id=\"b2288d8\" data-element_type=\"container\" data-e-type=\"container\">\n\t\t\t\t<div class=\"elementor-element elementor-element-96eb5e8 elementor-widget elementor-widget-image\" data-id=\"96eb5e8\" data-element_type=\"widget\" data-e-type=\"widget\" data-widget_type=\"image.default\">\n\t\t\t\t<div class=\"elementor-widget-container\">\n\t\t\t\t\t\t\t\t\t\t\t\t\t\t\t<img fetchpriority=\"high\" decoding=\"async\" width=\"500\" height=\"500\" src=\"https:\/\/apacheironworks.com\/wp-content\/uploads\/2025\/02\/VT820-3.png\" class=\"attachment-full size-full wp-image-1341\" alt=\"VT INCLINE SCREEN\" srcset=\"https:\/\/apacheironworks.com\/wp-content\/uploads\/2025\/02\/VT820-3.png 500w, https:\/\/apacheironworks.com\/wp-content\/uploads\/2025\/02\/VT820-3-300x300.png 300w, https:\/\/apacheironworks.com\/wp-content\/uploads\/2025\/02\/VT820-3-150x150.png 150w\" sizes=\"(max-width: 500px) 100vw, 500px\" \/>\t\t\t\t\t\t\t\t\t\t\t\t\t\t\t<\/div>\n\t\t\t\t<\/div>\n\t\t\t\t<div class=\"elementor-element elementor-element-eaa0e99 elementor-widget elementor-widget-codexunictheme-common-content\" data-id=\"eaa0e99\" data-element_type=\"widget\" data-e-type=\"widget\" data-widget_type=\"codexunictheme-common-content.default\">\n\t\t\t\t<div class=\"elementor-widget-container\">\n\t\t\t\t\t\r\n        <div class=\"common-content-section\">\r\n                            <h2>CRIBLE INCLIN\u00c9 VT<\/h2>\r\n                        <p>Les cribles inclin\u00e9s APACHE VT sont con\u00e7us pour une longue dur\u00e9e de vie, une grande efficacit\u00e9 de criblage et une facilit\u00e9 d'entretien. Disponibles en 4\u2019x12\u2019 jusqu'aux caissons de 8\u2019x20\u2019, les cribles VT sont disponibles en configuration \u00e0 deux ou trois \u00e9tages. Tous les m\u00e9canismes vibrants des cribles VT \u00e0 arbre unique utilisent les m\u00eames pi\u00e8ces que nos cribles VS \u00e0 arbre triple. Les op\u00e9rations avec des inclinaisons multiples et des cribles plats peuvent minimiser le nombre de pi\u00e8ces n\u00e9cessaires. Les supports de ressort sur toute la longueur, les plaques de renforcement derri\u00e8re le m\u00e9canisme vibrant et les raccords de boulons de serrage garantissent une longue dur\u00e9e de vie dans les applications difficiles. Les caract\u00e9ristiques du crible \u00e0 inclinaison APACHE VTIncline sont les suivantes :<\/p><ul><li>M\u00e9canisme vibrant \u00e0 arbre unique avec roulements sph\u00e9riques surdimensionn\u00e9s, lubrification \u00e0 l'huile, ensemble de reniflards, course et vitesse variables.<\/li><li>Ponts en acier couronn\u00e9 fabriqu\u00e9s - soud\u00e9s et d\u00e9tendus, connexion boulonn\u00e9e - ponts plats sur demande<\/li><li>Plaques lat\u00e9rales usin\u00e9es CNC<\/li><li>Bo\u00eete d'alimentation et l\u00e8vres de d\u00e9charge rev\u00eatues d'AR<\/li><li>Ressorts de suspension en guimauve en caoutchouc inclus en standard - Ressorts de suspension h\u00e9lico\u00efdaux en acier \u00e0 usage intensif disponibles sur demande<\/li><li>Contr\u00f4les en caoutchouc inclus en standard<\/li><li>Moteur \u00e9lectrique TEFC 1800 RPM inclus en standard<\/li><li>Embase en acier disponible en option<\/li><li>Choix de l'entra\u00eenement par courroie trap\u00e9zo\u00efdale ou de l'entra\u00eenement par cardan brevet\u00e9<\/li><\/ul>        <\/div>\r\n        \r\n        \t\t\t\t<\/div>\n\t\t\t\t<\/div>\n\t\t\t\t<div class=\"elementor-element elementor-element-5837c84 elementor-widget elementor-widget-codexunictheme-service-contact\" data-id=\"5837c84\" data-element_type=\"widget\" data-e-type=\"widget\" data-widget_type=\"codexunictheme-service-contact.default\">\n\t\t\t\t<div class=\"elementor-widget-container\">\n\t\t\t\t\t\r\n        <div class=\"services-contact-section\">\r\n                        <div class=\"icon\">\r\n                <i class=\"fa-regular fa-headset\"><\/i>\r\n            <\/div>\r\n                        <div class=\"row\">\r\n                <div class=\"col-sm-8 align-self-center\">\r\n                    <p>N'h\u00e9sitez pas \u00e0 nous contacter pour obtenir une aide et des services de meilleure qualit\u00e9. D\u00e9couvrez tous les services. <\/p>\r\n                <\/div>\r\n                <div class=\"col-sm-4 text-md-right align-self-center\">\r\n                                            <a href=\"\/fr\/contact-us\/\" class=\"button-2\">\r\n                            Nous contacter                        <\/a>\r\n                                    <\/div>\r\n            <\/div>\r\n        <\/div>\r\n        \t\t\t\t<\/div>\n\t\t\t\t<\/div>\n\t\t\t\t<div class=\"elementor-element elementor-element-e88e03d elementor-widget elementor-widget-image\" data-id=\"e88e03d\" data-element_type=\"widget\" data-e-type=\"widget\" data-widget_type=\"image.default\">\n\t\t\t\t<div class=\"elementor-widget-container\">\n\t\t\t\t\t\t\t\t\t\t\t\t\t\t\t<img decoding=\"async\" width=\"500\" height=\"500\" src=\"https:\/\/apacheironworks.com\/wp-content\/uploads\/2025\/02\/VS820-3.png\" class=\"attachment-full size-full wp-image-1339\" alt=\"VS HORIZONTAL SCREEN\" srcset=\"https:\/\/apacheironworks.com\/wp-content\/uploads\/2025\/02\/VS820-3.png 500w, https:\/\/apacheironworks.com\/wp-content\/uploads\/2025\/02\/VS820-3-300x300.png 300w, https:\/\/apacheironworks.com\/wp-content\/uploads\/2025\/02\/VS820-3-150x150.png 150w\" sizes=\"(max-width: 500px) 100vw, 500px\" \/>\t\t\t\t\t\t\t\t\t\t\t\t\t\t\t<\/div>\n\t\t\t\t<\/div>\n\t\t\t\t<div class=\"elementor-element elementor-element-e3a17b8 elementor-widget elementor-widget-codexunictheme-common-content\" data-id=\"e3a17b8\" data-element_type=\"widget\" data-e-type=\"widget\" data-widget_type=\"codexunictheme-common-content.default\">\n\t\t\t\t<div class=\"elementor-widget-container\">\n\t\t\t\t\t\r\n        <div class=\"common-content-section\">\r\n                            <h2>VS CRIBLE HORIZONTAL <\/h2>\r\n                        <p>Les cribles horizontaux APACHE VS sont con\u00e7us pour une longue dur\u00e9e de vie, une grande efficacit\u00e9 de criblage et une facilit\u00e9 d'entretien. Disponibles en 5\u2019x16\u2019 jusqu'aux caissons de 8\u2019x20\u2019, les cribles VS sont disponibles en configuration \u00e0 deux ou trois \u00e9tages. Les cribles VS sont disponibles avec une inclinaison de 2,75 degr\u00e9s et une inclinaison r\u00e9elle de 0 degr\u00e9. Tous les m\u00e9canismes vibrants des cribles VS \u00e0 trois arbres utilisent les m\u00eames pi\u00e8ces que nos cribles VT \u00e0 arbre unique. Les op\u00e9rations avec des inclinaisons multiples et des cribles plats peuvent minimiser le nombre de pi\u00e8ces n\u00e9cessaires. Les supports de ressort sur toute la longueur, les plaques de renforcement derri\u00e8re le m\u00e9canisme vibrant et les raccords de boulons de serrage garantissent une longue dur\u00e9e de vie dans les applications difficiles. Les caract\u00e9ristiques du crible inclin\u00e9 APACHE VT sont les suivantes :<\/p><ul><li>M\u00e9canisme vibrant \u00e0 trois arbres avec roulements sph\u00e9riques surdimensionn\u00e9s, engrenages usin\u00e9s de qualit\u00e9 a\u00e9rospatiale, lubrification \u00e0 l'huile, double reniflard, course et vitesse variables.<\/li><li>Ponts en acier couronn\u00e9 fabriqu\u00e9s - soud\u00e9s et d\u00e9tendus, connexion boulonn\u00e9e au corps de l'\u00e9cran - ponts plats sur demande<\/li><li>Plaques lat\u00e9rales usin\u00e9es CNCcut<\/li><li>Bo\u00eete d'alimentation et l\u00e8vres de d\u00e9charge profil\u00e9es en ARLes ressorts de suspension en guimauve en caoutchouc sont inclus en standard-Les ressorts de suspension \u00e0 boudin en acier pour service intensif sont disponibles sur demande.<\/li><li>Contr\u00f4les ajustables en caoutchouc inclus en standard<\/li><li>Moteur \u00e9lectrique TECF de service de broyage 1200RP inclus en standard<\/li><li>Choix de l'entra\u00eenement par courroie trap\u00e9zo\u00efdale ou de l'entra\u00eenement par cardan brevet\u00e9<\/li><li>Embase en acier fabriqu\u00e9 avec supports de ressorts inf\u00e9rieurs inclus en standard<\/li><li>Remplace la plupart des fabricants d'\u00e9crans nationaux et import\u00e9s.<\/li><\/ul>        <\/div>\r\n        \r\n        \t\t\t\t<\/div>\n\t\t\t\t<\/div>\n\t\t\t\t<div class=\"elementor-element elementor-element-d0758a8 elementor-widget elementor-widget-image\" data-id=\"d0758a8\" data-element_type=\"widget\" data-e-type=\"widget\" data-widget_type=\"image.default\">\n\t\t\t\t<div class=\"elementor-widget-container\">\n\t\t\t\t\t\t\t\t\t\t\t\t\t\t\t<img decoding=\"async\" width=\"500\" height=\"409\" src=\"https:\/\/apacheironworks.com\/wp-content\/uploads\/2025\/02\/MS_Model_V2.png\" class=\"attachment-full size-full wp-image-1338\" alt=\"MS Horizontal and CMMulti-Slope Deck Horizontal Screens\" srcset=\"https:\/\/apacheironworks.com\/wp-content\/uploads\/2025\/02\/MS_Model_V2.png 500w, https:\/\/apacheironworks.com\/wp-content\/uploads\/2025\/02\/MS_Model_V2-300x245.png 300w\" sizes=\"(max-width: 500px) 100vw, 500px\" \/>\t\t\t\t\t\t\t\t\t\t\t\t\t\t\t<\/div>\n\t\t\t\t<\/div>\n\t\t\t\t<div class=\"elementor-element elementor-element-f14f5b3 elementor-widget elementor-widget-codexunictheme-common-content\" data-id=\"f14f5b3\" data-element_type=\"widget\" data-e-type=\"widget\" data-widget_type=\"codexunictheme-common-content.default\">\n\t\t\t\t<div class=\"elementor-widget-container\">\n\t\t\t\t\t\r\n        <div class=\"common-content-section\">\r\n                            <h2>Cribles horizontaux MS et cribles horizontaux CM \u00e0 plusieurs pentes<\/h2>\r\n                        <p>Les cribles APACHE MS &amp; CM sont la derni\u00e8re g\u00e9n\u00e9ration de cribles sortis de nos ateliers. Ces machines utilisent deux arbres tournant en sens inverse. Le premier arbre est mont\u00e9 au-dessus de l'\u00e9tage sup\u00e9rieur, tandis que le second arbre traverse le corps de l'\u00e9tage inf\u00e9rieur. La conception innovante des cribles APACHE MS et CM \u00e9limine le besoin d'engrenages usin\u00e9s co\u00fbteux et le troisi\u00e8me arbre que l'on trouve dans la plupart des cribles horizontaux. Les cribles APACHE MS ont des plateaux plats et sont de v\u00e9ritables cribles \u00e0 z\u00e9ro degr\u00e9. Les cribles APACHE CM utilisent des \u00e9tages \u00e0 plusieurs pentes, tirant parti de la gravit\u00e9 pour \u00e9liminer rapidement les fines des \u00e9tages sup\u00e9rieur et interm\u00e9diaire. Les cribles APACHE MS et CM sont disponibles dans des caissons de 6\u2019x20\u2019, 7\u2019x20\u2019 et 8\u2019x20\u2019, dans des configurations \u00e0 deux ou trois \u00e9tages. Les caract\u00e9ristiques standard comprennent<\/p><ul><li>Les vibrateurs sont situ\u00e9s de mani\u00e8re asym\u00e9trique et deux arbres contrebalanc\u00e9s et d\u00e9s\u00e9quilibr\u00e9s r\u00e9duisent au minimum les temps d'arr\u00eat et la maintenance. La conception auto-synchronis\u00e9e produit une course elliptique. La course et la plage de r\u00e9gime sont r\u00e9glables. Le m\u00e9canisme n'utilise pas d'engrenages ou de courroies de distribution co\u00fbteux.<\/li><li>Les roulements sont de conception modulaire, ce qui facilite l'entretien et la maintenance depuis l'ext\u00e9rieur du pont. Les roulements sont lubrifi\u00e9s \u00e0 la graisse en standard.<\/li><li>Le crible \u00e0 haute \u00e9nergie offre une grande efficacit\u00e9 de criblage et une grande simplicit\u00e9 de conception.<\/li><li>Rev\u00eatements AR pour la bo\u00eete d'alimentation et les l\u00e8vres d'\u00e9vacuation<\/li><li>Double moteur \u00e9lectrique TEFC 1800 RPM inclus en standard<\/li><li>Entra\u00eenement par courroie trap\u00e9zo\u00efdale avec poulies, bagues, courroies d'entra\u00eenement et protections incluses en standard.<\/li><li>Supports de moteur pivotants avec support inclus en standard<\/li><li>Embase en acier disponible en option<\/li><\/ul>        <\/div>\r\n        \r\n        \t\t\t\t<\/div>\n\t\t\t\t<\/div>\n\t\t\t\t<\/div>\n\t\t<div class=\"elementor-element elementor-element-89758a7 e-con-full e-flex wpr-particle-no wpr-jarallax-no wpr-parallax-no wpr-sticky-section-no wpr-equal-height-no e-con e-child\" data-id=\"89758a7\" data-element_type=\"container\" data-e-type=\"container\">\n\t\t\t\t<div class=\"elementor-element elementor-element-761bef5 elementor-widget elementor-widget-codexunictheme-services-details\" data-id=\"761bef5\" data-element_type=\"widget\" data-e-type=\"widget\" data-widget_type=\"codexunictheme-services-details.default\">\n\t\t\t\t<div class=\"elementor-widget-container\">\n\t\t\t\t\t\r\n        <div class=\"services-details-list\">\r\n            <h3>Equipement<\/h3>\r\n            <ul>\r\n                                    <li class=\"no\"><a href=\"\/fr\/services\/equipment\/crushers\/\">Broyeur<\/a><\/li>\r\n                                    <li class=\"no\"><a href=\"\/fr\/services\/equipment\/plants\/\">Plantes<\/a><\/li>\r\n                                    <li class=\"yes\"><a href=\"\/fr\/services\/equipment\/screens\/\">\u00c9crans<\/a><\/li>\r\n                                    <li class=\"no\"><a href=\"\/fr\/services\/equipment\/feeders\/\">Mangeoires<\/a><\/li>\r\n                                    <li class=\"no\"><a href=\"\/fr\/services\/equipment\/washing-and-classifying\/\">Washing and Classifying<\/a><\/li>\r\n                                    <li class=\"no\"><a href=\"\/fr\/services\/equipment\/material-handling\/\">Manutention<\/a><\/li>\r\n                            <\/ul>\r\n        <\/div>\r\n        \r\n        \t\t\t\t<\/div>\n\t\t\t\t<\/div>\n\t\t\t\t<div class=\"elementor-element elementor-element-6c32e53 elementor-widget elementor-widget-codexunictheme-services-contact-banner\" data-id=\"6c32e53\" data-element_type=\"widget\" data-e-type=\"widget\" data-widget_type=\"codexunictheme-services-contact-banner.default\">\n\t\t\t\t<div class=\"elementor-widget-container\">\n\t\t\t\t\t\r\n        <div class=\"services-details-ct-banner\" style=\"background-image: url('https:\/\/apache-ironworks-new.us9.cdn-alpha.com\/wp-content\/uploads\/2025\/02\/Picture4.png');\">\r\n            <div>\r\n                <div class=\"icon\">\r\n                    <i class=\"fa-light fa-phone\"><\/i>\r\n                <\/div>\r\n                <h3>Vous avez des questions ? Appelez-nous d\u00e8s aujourd'hui !<\/h3>\r\n                <h5>307-772-4563<\/h5>\r\n            <\/div>\r\n            \r\n        <\/div>\r\n        \r\n        \t\t\t\t<\/div>\n\t\t\t\t<\/div>\n\t\t\t\t<\/div>\n\t\t\t\t\t<\/div>\n\t\t\t\t<\/div>\n\t\t\t\t<\/div>","protected":false},"excerpt":{"rendered":"<p>Screens Home Screens Screens VT INCLINE SCREEN APACHE VT Incline Screens are engineered for long service life, high screening efficiency, and ease of maintenance. Available in 4\u2019x12\u2019 all the way up to 8\u2019x20\u2019 Screen Boxes, VTscreens come in two and three deck configurations. All single shaft VT Screen vibrating mechanisms utilize the same parts as our VS Triple Shaft Screen. Operations with multiple inclines and flat screens that\u00a0can minimize the parts on hand required. Full-length spring brackets, reinforcing plates behind the vibrating mechanism, and huck bolt connections ensure long life in tough applications. APACHE VTIncline Screen features include: Single shaft vibrating mechanism with oversize spherical bearings, oil lubrication, breather assembly, variable stroke and speed Fabricated crowned steel decks-welded&amp; stress relieved, huck bolted connection\u2014flat decks upon request CNC cut side plates\u2014machined AR lined feed box &amp; discharge lips Rubber marshmallow suspension springs included as Standard\u2013Heavy Duty Steel Coilsuspension springs available upon request Rubber snubber checks included as Standard 1800 RPM Crusher Duty TEFC Electric Motor included as Standard Fabricated steel sub-base available as Option Choice of v-belt drive or patented universal joint drive Don\u2019t hesitate, contact us for better help and services. Explore all services. Contact Us VS HORIZONTAL SCREEN APACHE VS Horizontal Screens are engineered for long service life, high screening efficiency, and ease of maintenance. Available in 5\u2019x16\u2019 all the way up to 8\u2019x20\u2019 Screen Boxes, VS screens come in two and three deck configurations. VS Screens are available in 2.75-degree incline and true 0-degree variations. All triple shaft VS Screen vibrating mechanisms utilizes the same parts as our VT single shaft screen. Operations with multiple inclines and flat screens that\u00a0can minimize the parts on hand required. Full-length spring brackets, reinforcing plates behind the vibrating mechanism, and huck bolt connections ensure long life in tough applications. APACHE VT Incline Screen features include: Three shafts vibrating mechanism with oversize spherical bearings, Aerospace quality machined gears, oil lubrication, twin breather assembly, variable stroke, and speed Fabricated crowned steel decks-welded &amp; stress relieved, huck bolted connection to screen body\u2014flat decks upon request CNCcut side plates\u2014machined ARlined feed box &amp; discharge lipsRubber marshmallow suspension springs included as Standard\u2013Heavy Duty Steel Coilsuspension springs available upon request Adjustable rubber snubber checks included as Standard 1200RPMCrusherDutyTEFC ElectricMotorincluded as Standard Choice of v-belt drive or patented universal joint drive Fabricated Steel Sub-Base with lower spring mounts included as Standard Will fit replacement for many domestics &amp; import screen manufacturers MS Horizontal &#038; CMMulti-Slope Deck Horizontal Screens APACHE MS &amp; CM screens are the latest generation screen to come out of our skunk-works. These machines utilize two shafts turning opposed. The first shaft is mounted above the top deck, while the second shaft is through the body on the bottom deck. Shaft placement and direction provide an elliptical or oval stroke just like our VS Screens.TheAPACHE MS &amp; CM Screensinnovative design eliminates the need for costly machined gears and the third shaft found in most horizontal screens. APACHE MS screens have flat decks and are true zero-degree screens. APACHE CM screens utilize multi-slope decks, taking advantage of gravity to quickly remove fines from the top and middle decks. APACHE MS &amp; CM Screens are available in 6\u2019x20\u2019, 7\u2019x20\u2019and 8\u2019x20\u2019 screen boxes, in two or three deck configurations. Standard features include: Asymmetrically located vibrators, and two counter-weighted and unbalanced shafts that keep downtime and maintenance to a minimum. The self-synchronizing design produces an elliptical stroke. Adjustable stroke, and rpm range. The mechanism does not utilize costly gears or timing belts. Bearings are a modular design that allows easy service and maintenance from outside of the deck. Bearings are grease-lubricated as standard. High Energy Screen offers high efficiency in screening and simplicity in design AR Feed Box and Discharge Lip Liners Dual 1800 RPM Crusher Duty TEFC Electric Motor included as Standard V-belt Drive with sheaves, bushings, drive belts, and guards included as Standard Pivoting motor mounts with support stand included as Standard Fabricated steel sub-base available as Option Equipment Crusher Plants Screens Feeders Washing and Classifying Material Handling Have Any Questions? Call Us Today! 307-772-4563<\/p>","protected":false},"author":1,"featured_media":0,"parent":1261,"menu_order":0,"comment_status":"closed","ping_status":"closed","template":"elementor_header_footer","meta":{"footnotes":""},"class_list":["post-1327","page","type-page","status-publish","hentry"],"_links":{"self":[{"href":"https:\/\/apacheironworks.com\/fr\/wp-json\/wp\/v2\/pages\/1327","targetHints":{"allow":["GET"]}}],"collection":[{"href":"https:\/\/apacheironworks.com\/fr\/wp-json\/wp\/v2\/pages"}],"about":[{"href":"https:\/\/apacheironworks.com\/fr\/wp-json\/wp\/v2\/types\/page"}],"author":[{"embeddable":true,"href":"https:\/\/apacheironworks.com\/fr\/wp-json\/wp\/v2\/users\/1"}],"replies":[{"embeddable":true,"href":"https:\/\/apacheironworks.com\/fr\/wp-json\/wp\/v2\/comments?post=1327"}],"version-history":[{"count":35,"href":"https:\/\/apacheironworks.com\/fr\/wp-json\/wp\/v2\/pages\/1327\/revisions"}],"predecessor-version":[{"id":4660,"href":"https:\/\/apacheironworks.com\/fr\/wp-json\/wp\/v2\/pages\/1327\/revisions\/4660"}],"up":[{"embeddable":true,"href":"https:\/\/apacheironworks.com\/fr\/wp-json\/wp\/v2\/pages\/1261"}],"wp:attachment":[{"href":"https:\/\/apacheironworks.com\/fr\/wp-json\/wp\/v2\/media?parent=1327"}],"curies":[{"name":"wp","href":"https:\/\/api.w.org\/{rel}","templated":true}]}}