{"id":1326,"date":"2025-02-18T03:42:56","date_gmt":"2025-02-18T03:42:56","guid":{"rendered":"https:\/\/apache-ironworks-new.us9.cdn-alpha.com\/?page_id=1326"},"modified":"2026-03-26T16:01:25","modified_gmt":"2026-03-26T21:01:25","slug":"plants","status":"publish","type":"page","link":"https:\/\/apacheironworks.com\/fr\/equipment\/plants\/","title":{"rendered":"Plantes"},"content":{"rendered":"<div data-elementor-type=\"wp-page\" data-elementor-id=\"1326\" class=\"elementor elementor-1326\">\n\t\t\t\t<div class=\"elementor-element elementor-element-5bcc92c e-con-full e-flex wpr-particle-no wpr-jarallax-no wpr-parallax-no wpr-sticky-section-no wpr-equal-height-no e-con e-parent\" data-id=\"5bcc92c\" data-element_type=\"container\" data-e-type=\"container\" data-settings=\"{&quot;background_background&quot;:&quot;classic&quot;}\">\n\t\t\t\t<div class=\"elementor-element elementor-element-4fc8a2b elementor-widget elementor-widget-codexunictheme-breadcrumb\" data-id=\"4fc8a2b\" data-element_type=\"widget\" data-e-type=\"widget\" data-widget_type=\"codexunictheme-breadcrumb.default\">\n\t\t\t\t<div class=\"elementor-widget-container\">\n\t\t\t\t\t        \r\n        <section class=\"breadcrumb-section text-center pt-200 pb-140\" style=\"background-image: url('');\">\r\n            <div class=\"container\">\r\n                <div class=\"row\">\r\n                    <div class=\"col-lg-12\">\r\n                        <div class=\"content\">\r\n                            <h2>Plantes<\/h2>\r\n                            <ul>\r\n                                <li><a href=\"https:\/\/apacheironworks.com\/fr\/\">Accueil<\/a><\/li>\r\n                                <li>Plantes<\/li>\r\n                            <\/ul>\r\n                        <\/div>\r\n                    <\/div>\r\n                <\/div>\r\n            <\/div>\r\n        <\/section>\r\n        \r\n        \t\t\t\t<\/div>\n\t\t\t\t<\/div>\n\t\t\t\t<\/div>\n\t\t<div class=\"elementor-element elementor-element-2624632 e-flex e-con-boxed wpr-particle-no wpr-jarallax-no wpr-parallax-no wpr-sticky-section-no wpr-equal-height-no e-con e-parent\" data-id=\"2624632\" data-element_type=\"container\" data-e-type=\"container\">\n\t\t\t\t\t<div class=\"e-con-inner\">\n\t\t\t\t<div class=\"elementor-element elementor-element-4dcbce5 elementor-widget elementor-widget-heading\" data-id=\"4dcbce5\" data-element_type=\"widget\" data-e-type=\"widget\" data-widget_type=\"heading.default\">\n\t\t\t\t<div class=\"elementor-widget-container\">\n\t\t\t\t\t<h1 class=\"elementor-heading-title elementor-size-default\">Plantes<\/h1>\t\t\t\t<\/div>\n\t\t\t\t<\/div>\n\t\t\t\t\t<\/div>\n\t\t\t\t<\/div>\n\t\t<div class=\"elementor-element elementor-element-649b4c1 e-flex e-con-boxed wpr-particle-no wpr-jarallax-no wpr-parallax-no wpr-sticky-section-no wpr-equal-height-no e-con e-parent\" data-id=\"649b4c1\" data-element_type=\"container\" data-e-type=\"container\">\n\t\t\t\t\t<div class=\"e-con-inner\">\n\t\t<div class=\"elementor-element elementor-element-b2288d8 e-con-full e-flex wpr-particle-no wpr-jarallax-no wpr-parallax-no wpr-sticky-section-no wpr-equal-height-no e-con e-child\" data-id=\"b2288d8\" data-element_type=\"container\" data-e-type=\"container\">\n\t\t\t\t<div class=\"elementor-element elementor-element-96eb5e8 elementor-widget elementor-widget-image\" data-id=\"96eb5e8\" data-element_type=\"widget\" data-e-type=\"widget\" data-widget_type=\"image.default\">\n\t\t\t\t<div class=\"elementor-widget-container\">\n\t\t\t\t\t\t\t\t\t\t\t\t\t\t\t<img fetchpriority=\"high\" decoding=\"async\" width=\"605\" height=\"126\" src=\"https:\/\/apacheironworks.com\/wp-content\/uploads\/2025\/02\/plantdraw1.png\" class=\"attachment-full size-full wp-image-1333\" alt=\"material handling process equipment Plant\" srcset=\"https:\/\/apacheironworks.com\/wp-content\/uploads\/2025\/02\/plantdraw1.png 605w, https:\/\/apacheironworks.com\/wp-content\/uploads\/2025\/02\/plantdraw1-300x62.png 300w, https:\/\/apacheironworks.com\/wp-content\/uploads\/2025\/02\/plantdraw1-600x126.png 600w\" sizes=\"(max-width: 605px) 100vw, 605px\" \/>\t\t\t\t\t\t\t\t\t\t\t\t\t\t\t<\/div>\n\t\t\t\t<\/div>\n\t\t\t\t<div class=\"elementor-element elementor-element-eaa0e99 elementor-widget elementor-widget-codexunictheme-common-content\" data-id=\"eaa0e99\" data-element_type=\"widget\" data-e-type=\"widget\" data-widget_type=\"codexunictheme-common-content.default\">\n\t\t\t\t<div class=\"elementor-widget-container\">\n\t\t\t\t\t\r\n        <div class=\"common-content-section\">\r\n                        <p>APACHE offers a full plant line of crushing, screening, and material handling process equipment.\u00a0 Client input is vital in developing the right solution for your material processing needs.\u00a0 This process all starts with you.\u00a0 APACHE utilizes industry-standard methods such as CAD to design our plant equipment. Our structures, chassis, and conveyors are all manufactured in the USA at our fabrication facility in Tulsa, Oklahoma.\u00a0<\/p>        <\/div>\r\n        \r\n        \t\t\t\t<\/div>\n\t\t\t\t<\/div>\n\t\t\t\t<div class=\"elementor-element elementor-element-5837c84 elementor-widget elementor-widget-codexunictheme-service-contact\" data-id=\"5837c84\" data-element_type=\"widget\" data-e-type=\"widget\" data-widget_type=\"codexunictheme-service-contact.default\">\n\t\t\t\t<div class=\"elementor-widget-container\">\n\t\t\t\t\t\r\n        <div class=\"services-contact-section\">\r\n                        <div class=\"icon\">\r\n                <i class=\"fa-regular fa-headset\"><\/i>\r\n            <\/div>\r\n                        <div class=\"row\">\r\n                <div class=\"col-sm-8 align-self-center\">\r\n                    <p>N'h\u00e9sitez pas \u00e0 nous contacter pour obtenir une aide et des services de meilleure qualit\u00e9. D\u00e9couvrez tous les services. <\/p>\r\n                <\/div>\r\n                <div class=\"col-sm-4 text-md-right align-self-center\">\r\n                                            <a href=\"\/fr\/contact-us\/\" class=\"button-2\">\r\n                            Nous contacter                        <\/a>\r\n                                    <\/div>\r\n            <\/div>\r\n        <\/div>\r\n        \t\t\t\t<\/div>\n\t\t\t\t<\/div>\n\t\t\t\t<div class=\"elementor-element elementor-element-e88e03d elementor-widget elementor-widget-image\" data-id=\"e88e03d\" data-element_type=\"widget\" data-e-type=\"widget\" data-widget_type=\"image.default\">\n\t\t\t\t<div class=\"elementor-widget-container\">\n\t\t\t\t\t\t\t\t\t\t\t\t\t\t\t<img decoding=\"async\" width=\"471\" height=\"170\" src=\"https:\/\/apacheironworks.com\/wp-content\/uploads\/2025\/02\/plantdraw2.png\" class=\"attachment-full size-full wp-image-1332\" alt=\"Aggregate Plant\" srcset=\"https:\/\/apacheironworks.com\/wp-content\/uploads\/2025\/02\/plantdraw2.png 471w, https:\/\/apacheironworks.com\/wp-content\/uploads\/2025\/02\/plantdraw2-300x108.png 300w\" sizes=\"(max-width: 471px) 100vw, 471px\" \/>\t\t\t\t\t\t\t\t\t\t\t\t\t\t\t<\/div>\n\t\t\t\t<\/div>\n\t\t\t\t<div class=\"elementor-element elementor-element-e3a17b8 elementor-widget elementor-widget-codexunictheme-common-content\" data-id=\"e3a17b8\" data-element_type=\"widget\" data-e-type=\"widget\" data-widget_type=\"codexunictheme-common-content.default\">\n\t\t\t\t<div class=\"elementor-widget-container\">\n\t\t\t\t\t\r\n        <div class=\"common-content-section\">\r\n                        <p>Plant Equipment includes:<\/p><ul><li>Skidded Stationary Structures (Weldments)<\/li><li>Modular Stationary Structures (Bolt-Together for Field Assembly)<\/li><li>On-Road Portable Chassis<\/li><li>In-Pit Portable Chassis<\/li><\/ul>        <\/div>\r\n        \r\n        \t\t\t\t<\/div>\n\t\t\t\t<\/div>\n\t\t\t\t<div class=\"elementor-element elementor-element-d0758a8 elementor-widget elementor-widget-image\" data-id=\"d0758a8\" data-element_type=\"widget\" data-e-type=\"widget\" data-widget_type=\"image.default\">\n\t\t\t\t<div class=\"elementor-widget-container\">\n\t\t\t\t\t\t\t\t\t\t\t\t\t\t\t<img decoding=\"async\" width=\"627\" height=\"243\" src=\"https:\/\/apacheironworks.com\/wp-content\/uploads\/2025\/02\/plantdraw3_and_4_combined.png\" class=\"attachment-full size-full wp-image-1331\" alt=\"mining plants\" srcset=\"https:\/\/apacheironworks.com\/wp-content\/uploads\/2025\/02\/plantdraw3_and_4_combined.png 627w, https:\/\/apacheironworks.com\/wp-content\/uploads\/2025\/02\/plantdraw3_and_4_combined-300x116.png 300w\" sizes=\"(max-width: 627px) 100vw, 627px\" \/>\t\t\t\t\t\t\t\t\t\t\t\t\t\t\t<\/div>\n\t\t\t\t<\/div>\n\t\t\t\t<\/div>\n\t\t<div class=\"elementor-element elementor-element-89758a7 e-con-full e-flex wpr-particle-no wpr-jarallax-no wpr-parallax-no wpr-sticky-section-no wpr-equal-height-no e-con e-child\" data-id=\"89758a7\" data-element_type=\"container\" data-e-type=\"container\">\n\t\t\t\t<div class=\"elementor-element elementor-element-1b8d12f elementor-widget elementor-widget-codexunictheme-services-details\" data-id=\"1b8d12f\" data-element_type=\"widget\" data-e-type=\"widget\" data-widget_type=\"codexunictheme-services-details.default\">\n\t\t\t\t<div class=\"elementor-widget-container\">\n\t\t\t\t\t\r\n        <div class=\"services-details-list\">\r\n            <h3>Equipement<\/h3>\r\n            <ul>\r\n                                    <li class=\"no\"><a href=\"\/fr\/services\/equipment\/crushers\/\">Broyeur<\/a><\/li>\r\n                                    <li class=\"yes\"><a href=\"\/fr\/services\/equipment\/plants\/\">Plantes<\/a><\/li>\r\n                                    <li class=\"no\"><a href=\"\/fr\/services\/equipment\/screens\/\">\u00c9crans<\/a><\/li>\r\n                                    <li class=\"no\"><a href=\"\/fr\/services\/equipment\/feeders\/\">Mangeoires<\/a><\/li>\r\n                                    <li class=\"no\"><a href=\"\/fr\/services\/equipment\/washing-and-classifying\/\">Washing and Classifying<\/a><\/li>\r\n                                    <li class=\"no\"><a href=\"\/fr\/services\/equipment\/material-handling\/\">Manutention<\/a><\/li>\r\n                            <\/ul>\r\n        <\/div>\r\n        \r\n        \t\t\t\t<\/div>\n\t\t\t\t<\/div>\n\t\t\t\t<div class=\"elementor-element elementor-element-6c32e53 elementor-widget elementor-widget-codexunictheme-services-contact-banner\" data-id=\"6c32e53\" data-element_type=\"widget\" data-e-type=\"widget\" data-widget_type=\"codexunictheme-services-contact-banner.default\">\n\t\t\t\t<div class=\"elementor-widget-container\">\n\t\t\t\t\t\r\n        <div class=\"services-details-ct-banner\" style=\"background-image: url('https:\/\/apache-ironworks-new.us9.cdn-alpha.com\/wp-content\/uploads\/2025\/02\/Picture4.png');\">\r\n            <div>\r\n                <div class=\"icon\">\r\n                    <i class=\"fa-light fa-phone\"><\/i>\r\n                <\/div>\r\n                <h3>Vous avez des questions ? Appelez-nous d\u00e8s aujourd'hui !<\/h3>\r\n                <h5>307-772-4563<\/h5>\r\n            <\/div>\r\n            \r\n        <\/div>\r\n        \r\n        \t\t\t\t<\/div>\n\t\t\t\t<\/div>\n\t\t\t\t<\/div>\n\t\t\t\t\t<\/div>\n\t\t\t\t<\/div>\n\t\t\t\t<\/div>","protected":false},"excerpt":{"rendered":"<p>Plants Home Plants Plants APACHE offers a full plant line of crushing, screening, and material handling process equipment.\u00a0 Client input is vital in developing the right solution for your material processing needs.\u00a0 This process all starts with you.\u00a0 APACHE utilizes industry-standard methods such as CAD to design our plant equipment. Our structures, chassis, and conveyors are all manufactured in the USA at our fabrication facility in Tulsa, Oklahoma.\u00a0 Don\u2019t hesitate, contact us for better help and services. Explore all services. Contact Us Plant Equipment includes: Skidded Stationary Structures (Weldments) Modular Stationary Structures (Bolt-Together for Field Assembly) On-Road Portable Chassis In-Pit Portable Chassis Equipment Crusher Plants Screens Feeders Washing and Classifying Material Handling Have Any Questions? Call Us Today! 307-772-4563<\/p>","protected":false},"author":1,"featured_media":0,"parent":1261,"menu_order":0,"comment_status":"closed","ping_status":"closed","template":"elementor_header_footer","meta":{"footnotes":""},"class_list":["post-1326","page","type-page","status-publish","hentry"],"_links":{"self":[{"href":"https:\/\/apacheironworks.com\/fr\/wp-json\/wp\/v2\/pages\/1326","targetHints":{"allow":["GET"]}}],"collection":[{"href":"https:\/\/apacheironworks.com\/fr\/wp-json\/wp\/v2\/pages"}],"about":[{"href":"https:\/\/apacheironworks.com\/fr\/wp-json\/wp\/v2\/types\/page"}],"author":[{"embeddable":true,"href":"https:\/\/apacheironworks.com\/fr\/wp-json\/wp\/v2\/users\/1"}],"replies":[{"embeddable":true,"href":"https:\/\/apacheironworks.com\/fr\/wp-json\/wp\/v2\/comments?post=1326"}],"version-history":[{"count":44,"href":"https:\/\/apacheironworks.com\/fr\/wp-json\/wp\/v2\/pages\/1326\/revisions"}],"predecessor-version":[{"id":4657,"href":"https:\/\/apacheironworks.com\/fr\/wp-json\/wp\/v2\/pages\/1326\/revisions\/4657"}],"up":[{"embeddable":true,"href":"https:\/\/apacheironworks.com\/fr\/wp-json\/wp\/v2\/pages\/1261"}],"wp:attachment":[{"href":"https:\/\/apacheironworks.com\/fr\/wp-json\/wp\/v2\/media?parent=1326"}],"curies":[{"name":"wp","href":"https:\/\/api.w.org\/{rel}","templated":true}]}}