{"id":1014,"date":"2024-12-27T11:07:46","date_gmt":"2024-12-27T05:07:46","guid":{"rendered":"https:\/\/preetheme.com\/wp-demo\/constructera\/?page_id=45"},"modified":"2025-09-17T13:17:12","modified_gmt":"2025-09-17T18:17:12","slug":"contact-us","status":"publish","type":"page","link":"https:\/\/apacheironworks.com\/fr\/contact-us\/","title":{"rendered":"Nous contacter"},"content":{"rendered":"<div data-elementor-type=\"wp-page\" data-elementor-id=\"1014\" class=\"elementor elementor-1014\">\n\t\t\t\t<div class=\"elementor-element elementor-element-8cd74be e-con-full e-flex wpr-particle-no wpr-jarallax-no wpr-parallax-no wpr-sticky-section-no wpr-equal-height-no e-con e-parent\" data-id=\"8cd74be\" data-element_type=\"container\" data-e-type=\"container\" data-settings=\"{&quot;background_background&quot;:&quot;classic&quot;}\">\n\t\t\t\t<div class=\"elementor-element elementor-element-42e60d1 elementor-widget elementor-widget-codexunictheme-breadcrumb\" data-id=\"42e60d1\" data-element_type=\"widget\" data-e-type=\"widget\" data-widget_type=\"codexunictheme-breadcrumb.default\">\n\t\t\t\t<div class=\"elementor-widget-container\">\n\t\t\t\t\t        \r\n        <section class=\"breadcrumb-section text-center pt-200 pb-140\" style=\"background-image: url('');\">\r\n            <div class=\"container\">\r\n                <div class=\"row\">\r\n                    <div class=\"col-lg-12\">\r\n                        <div class=\"content\">\r\n                            <h2>Nous contacter<\/h2>\r\n                            <ul>\r\n                                <li><a href=\"https:\/\/apacheironworks.com\/fr\/\">Accueil<\/a><\/li>\r\n                                <li>Nous contacter<\/li>\r\n                            <\/ul>\r\n                        <\/div>\r\n                    <\/div>\r\n                <\/div>\r\n            <\/div>\r\n        <\/section>\r\n        \r\n        \t\t\t\t<\/div>\n\t\t\t\t<\/div>\n\t\t\t\t<\/div>\n\t\t<div class=\"elementor-element elementor-element-0c6afc0 e-flex e-con-boxed wpr-particle-no wpr-jarallax-no wpr-parallax-no wpr-sticky-section-no wpr-equal-height-no e-con e-parent\" data-id=\"0c6afc0\" data-element_type=\"container\" data-e-type=\"container\">\n\t\t\t\t\t<div class=\"e-con-inner\">\n\t\t\t\t<div class=\"elementor-element elementor-element-090d0ff elementor-widget elementor-widget-codexunictheme-section-headding\" data-id=\"090d0ff\" data-element_type=\"widget\" data-e-type=\"widget\" data-widget_type=\"codexunictheme-section-headding.default\">\n\t\t\t\t<div class=\"elementor-widget-container\">\n\t\t\t\t\t        <div class=\"ct-se-h-secsss\">\r\n            <div class=\"container\">\r\n                <div class=\"row\">\r\n                    <div class=\"col-lg-6 offset-lg-3 col-md-10 offset-md-1\">\r\n                        <div class=\"ct-section-title text-center\">\r\n                                                            <h4 class=\"style-1 wow fadeInUp\" data-wow-delay=\".2s\">Contactez notre \u00e9quipe gagnante<\/h4>\r\n                                                                                        <h2 class=\"wow fadeInUp\" data-wow-delay=\".4s\">Pr\u00eat \u00e0 construire<br><span>Quelque chose d'imparable ?<\/span><\/h2>\r\n                                                                                <\/div>\r\n                    <\/div>\r\n                <\/div>\r\n            <\/div>\r\n        <\/div>\r\n        \r\n        \r\n        \t\t\t\t<\/div>\n\t\t\t\t<\/div>\n\t\t\t\t<div class=\"elementor-element elementor-element-f5bbf22 elementor-widget elementor-widget-heading\" data-id=\"f5bbf22\" data-element_type=\"widget\" data-e-type=\"widget\" data-widget_type=\"heading.default\">\n\t\t\t\t<div class=\"elementor-widget-container\">\n\t\t\t\t\t<h1 class=\"elementor-heading-title elementor-size-default\"><h1>Nous contacter<\/h1><\/h1>\t\t\t\t<\/div>\n\t\t\t\t<\/div>\n\t\t\t\t<div class=\"elementor-element elementor-element-a458e75 elementor-widget elementor-widget-codexunictheme-common-content\" data-id=\"a458e75\" data-element_type=\"widget\" data-e-type=\"widget\" data-widget_type=\"codexunictheme-common-content.default\">\n\t\t\t\t<div class=\"elementor-widget-container\">\n\t\t\t\t\t\r\n        <div class=\"common-content-section\">\r\n                        <p data-start=\"265\" data-end=\"532\">Chez Apache Iron Works, nous croyons que les vrais partenariats commencent par de vraies conversations. Que vous recherchiez des options pour un \u00e9quipement personnalis\u00e9, que vous ayez besoin de conseils pour optimiser vos syst\u00e8mes de manutention ou que vous souhaitiez simplement poser quelques questions, nous sommes l\u00e0 pour vous \u00e9couter et vous aider.<\/p><p data-start=\"534\" data-end=\"868\">Notre \u00e9quipe ne croit pas aux solutions \u00e0 l'emporte-pi\u00e8ce. Chaque projet que nous prenons en charge est con\u00e7u avec pr\u00e9cision, construit pour durer et soutenu avec un d\u00e9vouement sans faille \u00e0 votre r\u00e9ussite. Lorsque vous nous contactez, vous ne vous adressez pas \u00e0 un simple fournisseur, mais \u00e0 une \u00e9quipe qui privil\u00e9gie la collaboration, la confiance et les r\u00e9sultats \u00e0 long terme.<\/p><p data-start=\"870\" data-end=\"1088\">Quelle que soit la taille de votre exploitation, qu'il s'agisse de carri\u00e8res locales ou de projets miniers \u00e0 grande \u00e9chelle, nous abordons chaque client avec le m\u00eame niveau de soin et d'attention. Construisons ensemble quelque chose qui r\u00e9siste \u00e0 l'\u00e9preuve du temps.<\/p><p style=\"text-align: center;\" data-start=\"1090\" data-end=\"1167\"><span style=\"color: #f41d2c;\"><strong data-start=\"1090\" data-end=\"1167\">Contactez-nous d\u00e8s aujourd'hui <\/strong><\/span><\/p><p style=\"text-align: center;\" data-start=\"1090\" data-end=\"1167\"><span style=\"color: #1e67a5;\"><strong data-start=\"1090\" data-end=\"1167\">La bonne solution commence par une bonne conversation.<\/strong><\/span><\/p>        <\/div>\r\n        \r\n        \t\t\t\t<\/div>\n\t\t\t\t<\/div>\n\t\t\t\t\t<\/div>\n\t\t\t\t<\/div>\n\t\t<div class=\"elementor-element elementor-element-c7bc935 e-con-full e-flex wpr-particle-no wpr-jarallax-no wpr-parallax-no wpr-sticky-section-no wpr-equal-height-no e-con e-parent\" data-id=\"c7bc935\" data-element_type=\"container\" data-e-type=\"container\">\n\t\t\t\t<div class=\"elementor-element elementor-element-6910f21 section-padding elementor-widget elementor-widget-codexunictheme-contact-us\" data-id=\"6910f21\" data-element_type=\"widget\" data-e-type=\"widget\" data-widget_type=\"codexunictheme-contact-us.default\">\n\t\t\t\t<div class=\"elementor-widget-container\">\n\t\t\t\t\t        <div class=\"ct-contact-us-sec\">\r\n            <div class=\"container\">\r\n                <div class=\"row\">\r\n                    <div class=\"col-lg-4 col-md-5\"  data-cues=\"slideInUp\" >\r\n                        \r\n                        <div class=\"ct-contact-list\">\r\n                                                            <div class=\"item-cf\">\r\n                                    <div>\r\n                                        <div class=\"icon\">\r\n                                                                                            <svg aria-hidden=\"true\" class=\"e-font-icon-svg e-fas-clipboard-list\" viewbox=\"0 0 384 512\" xmlns=\"http:\/\/www.w3.org\/2000\/svg\"><path d=\"M336 64h-80c0-35.3-28.7-64-64-64s-64 28.7-64 64H48C21.5 64 0 85.5 0 112v352c0 26.5 21.5 48 48 48h288c26.5 0 48-21.5 48-48V112c0-26.5-21.5-48-48-48zM96 424c-13.3 0-24-10.7-24-24s10.7-24 24-24 24 10.7 24 24-10.7 24-24 24zm0-96c-13.3 0-24-10.7-24-24s10.7-24 24-24 24 10.7 24 24-10.7 24-24 24zm0-96c-13.3 0-24-10.7-24-24s10.7-24 24-24 24 10.7 24 24-10.7 24-24 24zm96-192c13.3 0 24 10.7 24 24s-10.7 24-24 24-24-10.7-24-24 10.7-24 24-24zm128 368c0 4.4-3.6 8-8 8H168c-4.4 0-8-3.6-8-8v-16c0-4.4 3.6-8 8-8h144c4.4 0 8 3.6 8 8v16zm0-96c0 4.4-3.6 8-8 8H168c-4.4 0-8-3.6-8-8v-16c0-4.4 3.6-8 8-8h144c4.4 0 8 3.6 8 8v16zm0-96c0 4.4-3.6 8-8 8H168c-4.4 0-8-3.6-8-8v-16c0-4.4 3.6-8 8-8h144c4.4 0 8 3.6 8 8v16z\"><\/path><\/svg>                                                                                                                                <\/div>\r\n                                    <\/div>\r\n                                    <div class=\"con\">\r\n                                        <h4>Informations sur le contact<\/h4>\r\n                                        <p>N'h\u00e9sitez pas \u00e0 nous contacter \u00e0 tout moment. Nous vous r\u00e9pondrons dans un d\u00e9lai d'un jour ouvrable. Nous sommes impatients de vous lire !<\/p>\r\n                                    <\/div>\r\n                                <\/div>\r\n                                                            <div class=\"item-cf\">\r\n                                    <div>\r\n                                        <div class=\"icon\">\r\n                                                                                                                                        <i class=\"fa-sharp fa-regular fa-map-location-dot\"><\/i>\r\n                                                                                    <\/div>\r\n                                    <\/div>\r\n                                    <div class=\"con\">\r\n                                        <h4> Adresse du bureau<\/h4>\r\n                                        <p>1712 Pioneer Ave. Suite #2242 Cheyenne, Wyoming 82001<\/p>\r\n                                    <\/div>\r\n                                <\/div>\r\n                                                            <div class=\"item-cf\">\r\n                                    <div>\r\n                                        <div class=\"icon\">\r\n                                                                                                                                        <i class=\"fa-sharp fa-regular fa-phone-volume\"><\/i>\r\n                                                                                    <\/div>\r\n                                    <\/div>\r\n                                    <div class=\"con\">\r\n                                        <h4>Nombre<\/h4>\r\n                                        <p>307.772.4563<\/p>\r\n                                    <\/div>\r\n                                <\/div>\r\n                                                            <div class=\"item-cf\">\r\n                                    <div>\r\n                                        <div class=\"icon\">\r\n                                                                                                                                        <i class=\"fa-sharp fa-regular fa-envelopes\"><\/i>\r\n                                                                                    <\/div>\r\n                                    <\/div>\r\n                                    <div class=\"con\">\r\n                                        <h4> Adresse \u00e9lectronique<\/h4>\r\n                                        <p>sales@apacheironworks.com<\/p>\r\n                                    <\/div>\r\n                                <\/div>\r\n                                                            <div class=\"item-cf\">\r\n                                    <div>\r\n                                        <div class=\"icon\">\r\n                                                                                            <svg aria-hidden=\"true\" class=\"e-font-icon-svg e-far-id-card\" viewbox=\"0 0 576 512\" xmlns=\"http:\/\/www.w3.org\/2000\/svg\"><path d=\"M528 32H48C21.5 32 0 53.5 0 80v352c0 26.5 21.5 48 48 48h480c26.5 0 48-21.5 48-48V80c0-26.5-21.5-48-48-48zm0 400H303.2c.9-4.5.8 3.6.8-22.4 0-31.8-30.1-57.6-67.2-57.6-10.8 0-18.7 8-44.8 8-26.9 0-33.4-8-44.8-8-37.1 0-67.2 25.8-67.2 57.6 0 26-.2 17.9.8 22.4H48V144h480v288zm-168-80h112c4.4 0 8-3.6 8-8v-16c0-4.4-3.6-8-8-8H360c-4.4 0-8 3.6-8 8v16c0 4.4 3.6 8 8 8zm0-64h112c4.4 0 8-3.6 8-8v-16c0-4.4-3.6-8-8-8H360c-4.4 0-8 3.6-8 8v16c0 4.4 3.6 8 8 8zm0-64h112c4.4 0 8-3.6 8-8v-16c0-4.4-3.6-8-8-8H360c-4.4 0-8 3.6-8 8v16c0 4.4 3.6 8 8 8zm-168 96c35.3 0 64-28.7 64-64s-28.7-64-64-64-64 28.7-64 64 28.7 64 64 64z\"><\/path><\/svg>                                                                                                                                <\/div>\r\n                                    <\/div>\r\n                                    <div class=\"con\">\r\n                                        <h4>M\u00e9dias sociaux<\/h4>\r\n                                        <p><a href=\"https:\/\/www.facebook.com\/apacheironworks\/\" target=\"_blank\" rel=\"noopener\">Facebook<\/a><br>\n<a href=\"https:\/\/www.linkedin.com\/company\/apache-iron-works\/posts\/?feedView=all\" target=\"_blank\" rel=\"noopener\">LinkedIn<\/a><\/p>\r\n                                    <\/div>\r\n                                <\/div>\r\n                                                    <\/div>\r\n                        \r\n                    <\/div>\r\n                    <div class=\"col-lg-8 col-md-7\">\r\n                        <div class=\"ct-contact-from ml-30-992\">\r\n                                                            <h2>Contactez nous ici<\/h2>\r\n                                                        \n<div class=\"wpcf7 no-js\" id=\"wpcf7-f26-o1\" lang=\"en-US\" dir=\"ltr\" data-wpcf7-id=\"26\">\n<div class=\"screen-reader-response\"><p role=\"status\" aria-live=\"polite\" aria-atomic=\"true\"><\/p> <ul><\/ul><\/div>\n<form action=\"\/fr\/wp-json\/wp\/v2\/pages\/1014#wpcf7-f26-o1\" method=\"post\" class=\"wpcf7-form init\" aria-label=\"Contact form\" novalidate=\"novalidate\" data-status=\"init\" data-trp-original-action=\"\/fr\/wp-json\/wp\/v2\/pages\/1014#wpcf7-f26-o1\">\n<fieldset class=\"hidden-fields-container\"><input type=\"hidden\" name=\"_wpcf7\" value=\"26\" \/><input type=\"hidden\" name=\"_wpcf7_version\" value=\"6.1.5\" \/><input type=\"hidden\" name=\"_wpcf7_locale\" value=\"en_US\" \/><input type=\"hidden\" name=\"_wpcf7_unit_tag\" value=\"wpcf7-f26-o1\" \/><input type=\"hidden\" name=\"_wpcf7_container_post\" value=\"0\" \/><input type=\"hidden\" name=\"_wpcf7_posted_data_hash\" value=\"\" \/>\n<\/fieldset>\n<div class=\"row\">\n\t<div class=\"col-sm-12\" style=\"padding:10px 0;\">\n\t\t<div class=\"single-input\">\n\t\t\t<p><span style=\"font-weight: bold; font-size: 22px;\">Vos informations<\/span>\n\t\t\t<\/p>\n\t\t<\/div>\n\t<\/div>\n\t<div class=\"col-sm-12\" style=\"padding:10px 0;\">\n\t\t<div class=\"single-input\">\n\t\t\t<p><span class=\"wpcf7-form-control-wrap\" data-name=\"your-name\"><input size=\"40\" maxlength=\"400\" class=\"wpcf7-form-control wpcf7-text wpcf7-validates-as-required\" id=\"name\" aria-required=\"true\" aria-invalid=\"false\" placeholder=\"Nom complet\" value=\"\" type=\"text\" name=\"your-name\" \/><\/span>\n\t\t\t<\/p>\n\t\t<\/div>\n\t<\/div>\n\t<div class=\"col-sm-12\" style=\"padding:10px 0;\">\n\t\t<div class=\"single-input\">\n\t\t\t<p><span class=\"wpcf7-form-control-wrap\" data-name=\"your-email\"><input size=\"40\" maxlength=\"400\" class=\"wpcf7-form-control wpcf7-email wpcf7-validates-as-required wpcf7-text wpcf7-validates-as-email\" id=\"email\" aria-required=\"true\" aria-invalid=\"false\" placeholder=\"Adresse \u00e9lectronique\" value=\"\" type=\"email\" name=\"your-email\" \/><\/span>\n\t\t\t<\/p>\n\t\t<\/div>\n\t<\/div>\n\t<div class=\"col-sm-12\" style=\"padding:10px 0;\">\n\t\t<div class=\"single-input\">\n\t\t\t<p><span class=\"wpcf7-form-control-wrap\" data-name=\"your-phone\"><input size=\"40\" maxlength=\"400\" class=\"wpcf7-form-control wpcf7-text wpcf7-validates-as-required\" id=\"phone\" aria-required=\"true\" aria-invalid=\"false\" placeholder=\"Num\u00e9ro de t\u00e9l\u00e9phone\" value=\"\" type=\"text\" name=\"your-phone\" \/><\/span>\n\t\t\t<\/p>\n\t\t<\/div>\n\t<\/div>\n\t<div class=\"col-sm-12\" style=\"padding:10px 0;\">\n\t\t<div class=\"single-input\">\n\t\t\t<p><span style=\"font-weight: bold; font-size: 22px;\">Informations sur l'entreprise<\/span>\n\t\t\t<\/p>\n\t\t<\/div>\n\t<\/div>\n\t<div class=\"col-sm-12\" style=\"padding:10px 0;\">\n\t\t<div class=\"single-input\">\n\t\t\t<p><span class=\"wpcf7-form-control-wrap\" data-name=\"company-name\"><input size=\"40\" maxlength=\"400\" class=\"wpcf7-form-control wpcf7-text wpcf7-validates-as-required\" id=\"companyname\" aria-required=\"true\" aria-invalid=\"false\" placeholder=\"Nom de l&#039;entreprise\" value=\"\" type=\"text\" name=\"company-name\" \/><\/span>\n\t\t\t<\/p>\n\t\t<\/div>\n\t<\/div>\n\t<div class=\"col-sm-12\" style=\"padding:10px 0;\">\n\t\t<div class=\"single-input\">\n\t\t\t<p><span class=\"wpcf7-form-control-wrap\" data-name=\"job-title\"><input size=\"40\" maxlength=\"400\" class=\"wpcf7-form-control wpcf7-text wpcf7-validates-as-required\" id=\"jobtitle\" aria-required=\"true\" aria-invalid=\"false\" placeholder=\"Titre du poste\" value=\"\" type=\"text\" name=\"job-title\" \/><\/span>\n\t\t\t<\/p>\n\t\t<\/div>\n\t<\/div>\n\t<div class=\"col-sm-12\" style=\"padding:10px 0;\">\n\t\t<div class=\"single-input\">\n\t\t\t<p><span style=\"font-weight: bold; font-size: 22px;\">A propos de votre demande<\/span>\n\t\t\t<\/p>\n\t\t<\/div>\n\t<\/div>\n\t<div class=\"col-sm-12\" style=\"padding:10px 0;\">\n\t\t<div class=\"single-input\">\n\t\t\t<p><span class=\"wpcf7-form-control-wrap\" data-name=\"Select\"><select class=\"wpcf7-form-control wpcf7-select wpcf7-validates-as-required\" aria-required=\"true\" aria-invalid=\"false\" name=\"Select\"><option value=\"Sales\">Vente<\/option><option value=\"Product Support\">Soutien aux produits<\/option><\/select><\/span>\n\t\t\t<\/p>\n\t\t<\/div>\n\t<\/div>\n\t<div class=\"col-sm-12\" style=\"padding:10px 0;\">\n\t\t<div class=\"single-input\">\n\t\t\t<p><span class=\"wpcf7-form-control-wrap\" data-name=\"subject\"><input size=\"40\" maxlength=\"400\" class=\"wpcf7-form-control wpcf7-text wpcf7-validates-as-required\" id=\"subject\" aria-required=\"true\" aria-invalid=\"false\" placeholder=\"Sujet de l&#039;enqu\u00eate\" value=\"\" type=\"text\" name=\"subject\" \/><\/span>\n\t\t\t<\/p>\n\t\t<\/div>\n\t<\/div>\n\t<div class=\"col-sm-12\" style=\"padding:10px 0;\">\n\t\t<div class=\"single-input\">\n\t\t\t<p><span class=\"wpcf7-form-control-wrap\" data-name=\"additional-details\"><textarea cols=\"40\" rows=\"10\" maxlength=\"20\" minlength=\"10\" class=\"wpcf7-form-control wpcf7-textarea\" aria-invalid=\"false\" placeholder=\"D\u00e9tails suppl\u00e9mentaires\" name=\"additional-details\"><\/textarea><\/span>\n\t\t\t<\/p>\n\t\t<\/div>\n\t<\/div>\n\t<div class=\"col-sm-12\" style=\"padding:10px 0;\">\n\t\t<p><span class=\"wpcf7-form-control-wrap\" data-name=\"notification-consent\"><span class=\"wpcf7-form-control wpcf7-checkbox\"><span class=\"wpcf7-list-item first last\"><label><input type=\"checkbox\" name=\"notification-consent[]\" value=\"Click To Agree To Notifications &amp; Promotional Messages\" \/><span class=\"wpcf7-list-item-label\">Cliquer pour accepter les notifications et les messages promotionnels<\/span><\/label><\/span><\/span><\/span>\n\t\t<\/p>\n\t<\/div>\n\t<div class=\"col-sm-12\" style=\"padding:10px 0;\">\n\t\t<div class=\"single-input\">\n\t\t\t<p><input class=\"wpcf7-form-control wpcf7-submit has-spinner\" type=\"submit\" value=\"Envoyer un message\" \/>\n\t\t\t<\/p>\n\t\t<\/div>\n\t<\/div>\n<\/div><div class=\"wpcf7-response-output\" aria-hidden=\"true\"><\/div>\n<input type=\"hidden\" name=\"trp-form-language\" value=\"fr\"\/><\/form>\n<\/div>\n<!-- <div class=\"row\">\r\n    <div class=\"col-sm-6\">\r\n        <div class=\"single-input\">\r\n            <label for=\"name\">Your Name<\/label>\r\n            <input type=\"text\" placeholder=\"Your Name\" name=\"\" id=\"\">\r\n        <\/div>\r\n        \r\n    <\/div>\r\n    <div class=\"col-sm-6\">\r\n        <div class=\"single-input\">\r\n            <label for=\"\">Your Email<\/label>\r\n            <select name=\"\" placeholder=\"Your Email\" id=\"\">\r\n                <option value=\"a\">Bangladesh<\/option>\r\n            <\/select>\r\n        <\/div>\r\n    <\/div>\r\n    <div class=\"col-sm-6\">\r\n        <div class=\"single-input\">\r\n            <label for=\"name\">Your Phone<\/label>\r\n            <input type=\"text\" placeholder=\"Your Name\" name=\"\" id=\"\">\r\n        <\/div>\r\n        \r\n    <\/div>\r\n    <div class=\"col-sm-6\">\r\n        <div class=\"single-input\">\r\n            <label for=\"name\">Your Subject<\/label>\r\n            <input type=\"text\" placeholder=\"Your Name\" name=\"\" id=\"\">\r\n        <\/div>\r\n        \r\n    <\/div>\r\n    <div class=\"col-sm-12\">\r\n        <div class=\"single-input\">\r\n            <label for=\"\">Your Name<\/label>\r\n            <textarea name=\"\" placeholder=\"Your Name\" id=\"\" cols=\"30\" rows=\"10\"><\/textarea>\r\n        <\/div>\r\n    <\/div>\r\n    <div class=\"col-sm-12\">\r\n        <div class=\"single-input\">\r\n            <input type=\"submit\" value=\"Send Message\">\r\n        <\/div>\r\n    <\/div>\r\n<\/div> -->\r\n                        <\/div>\r\n                    <\/div>\r\n                <\/div>\r\n            <\/div>\r\n        <\/div>\r\n        \r\n        \t\t\t\t<\/div>\n\t\t\t\t<\/div>\n\t\t\t\t<\/div>\n\t\t\t\t<\/div>","protected":false},"excerpt":{"rendered":"<p>Contact Us Home Contact Us Contact Our Wining Team Ready to BuildSomething Unstoppable? Contact Us At Apache Iron Works, we believe real partnerships start with real conversations. Whether you&#8217;re exploring options for custom equipment, need guidance on optimizing your material handling systems, or simply want to ask a few questions, we\u2019re here to listen and help. Our team doesn\u2019t believe in cookie-cutter solutions. Every project we take on is designed with precision, built for durability, and supported with relentless dedication to your success. When you reach out to us, you\u2019re not just contacting a vendor\u2014you\u2019re connecting with a team that values collaboration, trust, and long-term results. No matter the size of your operation, from local quarries to large-scale mining projects, we approach every client with the same level of care and attention. Let&#8217;s build something together that stands the test of time. Contact us today The right solution starts with the right conversation. Contact Information Feel free to contact us anytime. Please allow one business day for a response. We are excited to hear from you! Office address 1712 Pioneer Ave. Suite #2242 Cheyenne, Wyoming 82001 Number 307.772.4563 E-Mail address sales@apacheironworks.com Social Media Facebook LinkedIn Contact Us Here Your Information Company Information About Your Inquiry SalesProduct Support Click To Agree To Notifications &amp; Promotional Messages<\/p>","protected":false},"author":1,"featured_media":0,"parent":0,"menu_order":0,"comment_status":"closed","ping_status":"closed","template":"elementor_header_footer","meta":{"footnotes":""},"class_list":["post-1014","page","type-page","status-publish","hentry"],"_links":{"self":[{"href":"https:\/\/apacheironworks.com\/fr\/wp-json\/wp\/v2\/pages\/1014","targetHints":{"allow":["GET"]}}],"collection":[{"href":"https:\/\/apacheironworks.com\/fr\/wp-json\/wp\/v2\/pages"}],"about":[{"href":"https:\/\/apacheironworks.com\/fr\/wp-json\/wp\/v2\/types\/page"}],"author":[{"embeddable":true,"href":"https:\/\/apacheironworks.com\/fr\/wp-json\/wp\/v2\/users\/1"}],"replies":[{"embeddable":true,"href":"https:\/\/apacheironworks.com\/fr\/wp-json\/wp\/v2\/comments?post=1014"}],"version-history":[{"count":32,"href":"https:\/\/apacheironworks.com\/fr\/wp-json\/wp\/v2\/pages\/1014\/revisions"}],"predecessor-version":[{"id":4093,"href":"https:\/\/apacheironworks.com\/fr\/wp-json\/wp\/v2\/pages\/1014\/revisions\/4093"}],"wp:attachment":[{"href":"https:\/\/apacheironworks.com\/fr\/wp-json\/wp\/v2\/media?parent=1014"}],"curies":[{"name":"wp","href":"https:\/\/api.w.org\/{rel}","templated":true}]}}