{"id":1543,"date":"2025-02-20T06:46:19","date_gmt":"2025-02-20T06:46:19","guid":{"rendered":"https:\/\/apache-ironworks-new.us9.cdn-alpha.com\/?page_id=1543"},"modified":"2025-09-17T14:29:35","modified_gmt":"2025-09-17T19:29:35","slug":"finance-and-lease","status":"publish","type":"page","link":"https:\/\/apacheironworks.com\/es\/get-started\/finance-and-lease\/","title":{"rendered":"Financiaci\u00f3n y arrendamiento"},"content":{"rendered":"<div data-elementor-type=\"wp-page\" data-elementor-id=\"1543\" class=\"elementor elementor-1543\">\n\t\t\t\t<div class=\"elementor-element elementor-element-5bcc92c e-con-full e-flex wpr-particle-no wpr-jarallax-no wpr-parallax-no wpr-sticky-section-no wpr-equal-height-no e-con e-parent\" data-id=\"5bcc92c\" data-element_type=\"container\" data-e-type=\"container\" data-settings=\"{&quot;background_background&quot;:&quot;classic&quot;}\">\n\t\t\t\t<div class=\"elementor-element elementor-element-4fc8a2b elementor-widget elementor-widget-codexunictheme-breadcrumb\" data-id=\"4fc8a2b\" data-element_type=\"widget\" data-e-type=\"widget\" data-widget_type=\"codexunictheme-breadcrumb.default\">\n\t\t\t\t<div class=\"elementor-widget-container\">\n\t\t\t\t\t        \r\n        <section class=\"breadcrumb-section text-center pt-200 pb-140\" style=\"background-image: url('');\">\r\n            <div class=\"container\">\r\n                <div class=\"row\">\r\n                    <div class=\"col-lg-12\">\r\n                        <div class=\"content\">\r\n                            <h2>Financiaci\u00f3n y arrendamiento<\/h2>\r\n                            <ul>\r\n                                <li><a href=\"https:\/\/apacheironworks.com\/es\/\">Inicio<\/a><\/li>\r\n                                <li>Financiaci\u00f3n y arrendamiento<\/li>\r\n                            <\/ul>\r\n                        <\/div>\r\n                    <\/div>\r\n                <\/div>\r\n            <\/div>\r\n        <\/section>\r\n        \r\n        \t\t\t\t<\/div>\n\t\t\t\t<\/div>\n\t\t\t\t<\/div>\n\t\t<div class=\"elementor-element elementor-element-649b4c1 e-flex e-con-boxed wpr-particle-no wpr-jarallax-no wpr-parallax-no wpr-sticky-section-no wpr-equal-height-no e-con e-parent\" data-id=\"649b4c1\" data-element_type=\"container\" data-e-type=\"container\">\n\t\t\t\t\t<div class=\"e-con-inner\">\n\t\t<div class=\"elementor-element elementor-element-b2288d8 e-con-full e-flex wpr-particle-no wpr-jarallax-no wpr-parallax-no wpr-sticky-section-no wpr-equal-height-no e-con e-child\" data-id=\"b2288d8\" data-element_type=\"container\" data-e-type=\"container\">\n\t\t\t\t<div class=\"elementor-element elementor-element-2713b10 elementor-widget elementor-widget-heading\" data-id=\"2713b10\" data-element_type=\"widget\" data-e-type=\"widget\" data-widget_type=\"heading.default\">\n\t\t\t\t<div class=\"elementor-widget-container\">\n\t\t\t\t\t<h1 class=\"elementor-heading-title elementor-size-default\">Financiaci\u00f3n y arrendamiento<\/h1>\t\t\t\t<\/div>\n\t\t\t\t<\/div>\n\t\t\t\t<div class=\"elementor-element elementor-element-46d6398 elementor-widget elementor-widget-text-editor\" data-id=\"46d6398\" data-element_type=\"widget\" data-e-type=\"widget\" data-widget_type=\"text-editor.default\">\n\t\t\t\t<div class=\"elementor-widget-container\">\n\t\t\t\t\t\t\t\t\t<p>Descubra sus opciones con nuestro <strong>financiaci\u00f3n y arrendamiento<\/strong>\u00a0programas. Rellene el r\u00e1pido formulario en l\u00ednea para acceder a una financiaci\u00f3n de equipos flexible y adaptada a las operaciones de miner\u00eda y \u00e1ridos.<\/p>\t\t\t\t\t\t\t\t<\/div>\n\t\t\t\t<\/div>\n\t\t\t\t<div class=\"elementor-element elementor-element-9ec1641 elementor-widget elementor-widget-shortcode\" data-id=\"9ec1641\" data-element_type=\"widget\" data-e-type=\"widget\" data-widget_type=\"shortcode.default\">\n\t\t\t\t<div class=\"elementor-widget-container\">\n\t\t\t\t\t\t\t<div class=\"elementor-shortcode\">\n<div class=\"wpcf7 no-js\" id=\"wpcf7-f1537-o1\" lang=\"en-US\" dir=\"ltr\" data-wpcf7-id=\"1537\">\n<div class=\"screen-reader-response\"><p role=\"status\" aria-live=\"polite\" aria-atomic=\"true\"><\/p> <ul><\/ul><\/div>\n<form action=\"\/es\/wp-json\/wp\/v2\/pages\/1543#wpcf7-f1537-o1\" method=\"post\" class=\"wpcf7-form init\" aria-label=\"Formulario de contacto\" novalidate=\"novalidate\" data-status=\"init\" data-trp-original-action=\"\/es\/wp-json\/wp\/v2\/pages\/1543#wpcf7-f1537-o1\">\n<fieldset class=\"hidden-fields-container\"><input type=\"hidden\" name=\"_wpcf7\" value=\"1537\" \/><input type=\"hidden\" name=\"_wpcf7_version\" value=\"6.1.5\" \/><input type=\"hidden\" name=\"_wpcf7_locale\" value=\"en_US\" \/><input type=\"hidden\" name=\"_wpcf7_unit_tag\" value=\"wpcf7-f1537-o1\" \/><input type=\"hidden\" name=\"_wpcf7_container_post\" value=\"0\" \/><input type=\"hidden\" name=\"_wpcf7_posted_data_hash\" value=\"\" \/>\n<\/fieldset>\n<div class=\"row\">\n\t<div class=\"col-sm-12\" style=\"padding:10px 0;\">\n\t\t<div class=\"single-input\">\n\t\t\t<p><span style=\"font-weight: bold; font-size: 22px;\">Su informaci\u00f3n<\/span>\n\t\t\t<\/p>\n\t\t<\/div>\n\t<\/div>\n\t<div class=\"col-sm-12\" style=\"padding:10px 0;\">\n\t\t<div class=\"single-input\">\n\t\t\t<p><span class=\"wpcf7-form-control-wrap\" data-name=\"your-name\"><input size=\"40\" maxlength=\"400\" class=\"wpcf7-form-control wpcf7-text wpcf7-validates-as-required\" id=\"name\" aria-required=\"true\" aria-invalid=\"false\" placeholder=\"Nombre y apellidos\" value=\"\" type=\"text\" name=\"your-name\" \/><\/span>\n\t\t\t<\/p>\n\t\t<\/div>\n\t<\/div>\n\t<div class=\"col-sm-12\" style=\"padding:10px 0;\">\n\t\t<div class=\"single-input\">\n\t\t\t<p><span class=\"wpcf7-form-control-wrap\" data-name=\"your-email\"><input size=\"40\" maxlength=\"400\" class=\"wpcf7-form-control wpcf7-email wpcf7-validates-as-required wpcf7-text wpcf7-validates-as-email\" id=\"email\" aria-required=\"true\" aria-invalid=\"false\" placeholder=\"Direcci\u00f3n de correo electr\u00f3nico\" value=\"\" type=\"email\" name=\"your-email\" \/><\/span>\n\t\t\t<\/p>\n\t\t<\/div>\n\t<\/div>\n\t<div class=\"col-sm-12\" style=\"padding:10px 0;\">\n\t\t<div class=\"single-input\">\n\t\t\t<p><span class=\"wpcf7-form-control-wrap\" data-name=\"your-phone\"><input size=\"40\" maxlength=\"400\" class=\"wpcf7-form-control wpcf7-text wpcf7-validates-as-required\" id=\"phone\" aria-required=\"true\" aria-invalid=\"false\" placeholder=\"N\u00famero de tel\u00e9fono\" value=\"\" type=\"text\" name=\"your-phone\" \/><\/span>\n\t\t\t<\/p>\n\t\t<\/div>\n\t<\/div>\n\t<div class=\"col-sm-12\" style=\"padding:10px 0;\">\n\t\t<div class=\"single-input\">\n\t\t\t<p><span style=\"font-weight: bold; font-size: 22px;\">Informaci\u00f3n sobre la empresa<\/span>\n\t\t\t<\/p>\n\t\t<\/div>\n\t<\/div>\n\t<div class=\"col-sm-12\" style=\"padding:10px 0;\">\n\t\t<div class=\"single-input\">\n\t\t\t<p><span class=\"wpcf7-form-control-wrap\" data-name=\"company-name\"><input size=\"40\" maxlength=\"400\" class=\"wpcf7-form-control wpcf7-text wpcf7-validates-as-required\" id=\"companyname\" aria-required=\"true\" aria-invalid=\"false\" placeholder=\"Nombre de la empresa\" value=\"\" type=\"text\" name=\"company-name\" \/><\/span>\n\t\t\t<\/p>\n\t\t<\/div>\n\t<\/div>\n\t<div class=\"col-sm-12\" style=\"padding:10px 0;\">\n\t\t<div class=\"single-input\">\n\t\t\t<p><span class=\"wpcf7-form-control-wrap\" data-name=\"job-title\"><input size=\"40\" maxlength=\"400\" class=\"wpcf7-form-control wpcf7-text wpcf7-validates-as-required\" id=\"jobtitle\" aria-required=\"true\" aria-invalid=\"false\" placeholder=\"Puesto\" value=\"\" type=\"text\" name=\"job-title\" \/><\/span>\n\t\t\t<\/p>\n\t\t<\/div>\n\t<\/div>\n\t<div class=\"col-sm-12\" style=\"padding:10px 0;\">\n\t\t<div class=\"single-input\">\n\t\t\t<p><span class=\"wpcf7-form-control-wrap\" data-name=\"address\"><input size=\"40\" maxlength=\"400\" class=\"wpcf7-form-control wpcf7-text wpcf7-validates-as-required\" id=\"address\" aria-required=\"true\" aria-invalid=\"false\" placeholder=\"Direcci\u00f3n\" value=\"\" type=\"text\" name=\"address\" \/><\/span>\n\t\t\t<\/p>\n\t\t<\/div>\n\t<\/div>\n\t<div class=\"col-sm-12\" style=\"padding:10px 0;\">\n\t\t<div class=\"single-input\">\n\t\t\t<p><span class=\"wpcf7-form-control-wrap\" data-name=\"address2\"><input size=\"40\" maxlength=\"400\" class=\"wpcf7-form-control wpcf7-text wpcf7-validates-as-required\" id=\"address2\" aria-required=\"true\" aria-invalid=\"false\" placeholder=\"Direcci\u00f3n2\" value=\"\" type=\"text\" name=\"address2\" \/><\/span>\n\t\t\t<\/p>\n\t\t<\/div>\n\t<\/div>\n\t<div class=\"col-sm-12\" style=\"padding:10px 0;\">\n\t\t<div class=\"single-input\">\n\t\t\t<p><span class=\"wpcf7-form-control-wrap\" data-name=\"complete-details\"><input size=\"40\" maxlength=\"400\" class=\"wpcf7-form-control wpcf7-text wpcf7-validates-as-required\" id=\"completedetails\" aria-required=\"true\" aria-invalid=\"false\" placeholder=\"Ciudad Estado\/Provincia\/Regi\u00f3n C\u00f3digo postal Pa\u00eds\" value=\"\" type=\"text\" name=\"complete-details\" \/><\/span>\n\t\t\t<\/p>\n\t\t<\/div>\n\t<\/div>\n\t<div class=\"col-sm-12\" style=\"padding:10px 0;\">\n\t\t<div class=\"single-input\">\n\t\t\t<p><span style=\"font-weight: bold; font-size: 22px;\">Acerca de su consulta<\/span>\n\t\t\t<\/p>\n\t\t<\/div>\n\t<\/div>\n\t<div class=\"col-sm-12\" style=\"padding:10px 0;\">\n\t\t<div class=\"single-input\">\n\t\t\t<p><span class=\"wpcf7-form-control-wrap\" data-name=\"manufacture-name\"><input size=\"40\" maxlength=\"400\" class=\"wpcf7-form-control wpcf7-text wpcf7-validates-as-required\" id=\"manName\" aria-required=\"true\" aria-invalid=\"false\" placeholder=\"Asunto de la investigaci\u00f3n\" value=\"\" type=\"text\" name=\"manufacture-name\" \/><\/span>\n\t\t\t<\/p>\n\t\t<\/div>\n\t<\/div>\n\t<div class=\"col-sm-12\" style=\"padding:10px 0;\">\n\t\t<div class=\"single-input\">\n\t\t\t<p><span class=\"wpcf7-form-control-wrap\" data-name=\"additional-details\"><textarea cols=\"40\" rows=\"10\" maxlength=\"20\" minlength=\"10\" class=\"wpcf7-form-control wpcf7-textarea\" aria-invalid=\"false\" placeholder=\"M\u00e1s informaci\u00f3n\" name=\"additional-details\"><\/textarea><\/span>\n\t\t\t<\/p>\n\t\t<\/div>\n\t<\/div>\n\t<div class=\"col-sm-12\" style=\"padding:10px 0;\">\n\t\t<div class=\"single-input\">\n\t\t\t<p><input class=\"wpcf7-form-control wpcf7-submit has-spinner\" type=\"submit\" value=\"Enviar mensaje\" \/>\n\t\t\t<\/p>\n\t\t<\/div>\n\t<\/div>\n<\/div><div class=\"wpcf7-response-output\" aria-hidden=\"true\"><\/div>\n<input type=\"hidden\" name=\"trp-form-language\" value=\"es\"\/><\/form>\n<\/div>\n<\/div>\n\t\t\t\t\t\t<\/div>\n\t\t\t\t<\/div>\n\t\t\t\t<\/div>\n\t\t<div class=\"elementor-element elementor-element-89758a7 e-con-full e-flex wpr-particle-no wpr-jarallax-no wpr-parallax-no wpr-sticky-section-no wpr-equal-height-no e-con e-child\" data-id=\"89758a7\" data-element_type=\"container\" data-e-type=\"container\">\n\t\t\t\t<div class=\"elementor-element elementor-element-ec3f84e elementor-widget elementor-widget-codexunictheme-services-details\" data-id=\"ec3f84e\" data-element_type=\"widget\" data-e-type=\"widget\" data-widget_type=\"codexunictheme-services-details.default\">\n\t\t\t\t<div class=\"elementor-widget-container\">\n\t\t\t\t\t\r\n        <div class=\"services-details-list\">\r\n            <h3>Comprar<\/h3>\r\n            <ul>\r\n                                    <li class=\"no\"><a href=\"\/es\/services\/purchase\/request-a-quote\/\">Solicitar presupuesto<\/a><\/li>\r\n                                    <li class=\"yes\"><a href=\"\/es\/services\/purchase\/finance-lease\/\">Financiaci\u00f3n y arrendamiento<\/a><\/li>\r\n                                    <li class=\"no\"><a href=\"\/es\/services\/purchase\/find-a-dealer\/\">Buscar un distribuidor<\/a><\/li>\r\n                                    <li class=\"no\"><a href=\"\/es\/services\/purchase\/used-equipment\/\">Equipos usados<\/a><\/li>\r\n                            <\/ul>\r\n        <\/div>\r\n        \r\n        \t\t\t\t<\/div>\n\t\t\t\t<\/div>\n\t\t\t\t<div class=\"elementor-element elementor-element-6c32e53 elementor-widget elementor-widget-codexunictheme-services-contact-banner\" data-id=\"6c32e53\" data-element_type=\"widget\" data-e-type=\"widget\" data-widget_type=\"codexunictheme-services-contact-banner.default\">\n\t\t\t\t<div class=\"elementor-widget-container\">\n\t\t\t\t\t\r\n        <div class=\"services-details-ct-banner\" style=\"background-image: url('https:\/\/apache-ironworks-new.us9.cdn-alpha.com\/wp-content\/uploads\/2025\/02\/Picture4.png');\">\r\n            <div>\r\n                <div class=\"icon\">\r\n                    <i class=\"fa-light fa-phone\"><\/i>\r\n                <\/div>\r\n                <h3>\u00bfTiene alguna pregunta? Ll\u00e1menos hoy mismo<\/h3>\r\n                <h5>307-772-4563<\/h5>\r\n            <\/div>\r\n            \r\n        <\/div>\r\n        \r\n        \t\t\t\t<\/div>\n\t\t\t\t<\/div>\n\t\t\t\t<\/div>\n\t\t\t\t\t<\/div>\n\t\t\t\t<\/div>\n\t\t\t\t<\/div>","protected":false},"excerpt":{"rendered":"<p>Financiaci\u00f3n y arrendamiento Inicio Financiaci\u00f3n y arrendamiento Financiaci\u00f3n y arrendamiento Descubra sus opciones con nuestros programas de financiaci\u00f3n y arrendamiento. Rellene el r\u00e1pido formulario en l\u00ednea para acceder a una financiaci\u00f3n de equipos flexible y adaptada a las operaciones de miner\u00eda y \u00e1ridos. Comprar Solicitar presupuesto Financiaci\u00f3n y leasing Buscar un distribuidor Equipos usados \u00bfTiene alguna pregunta? Ll\u00e1menos hoy mismo 307-772-4563<\/p>","protected":false},"author":1,"featured_media":0,"parent":1291,"menu_order":0,"comment_status":"closed","ping_status":"closed","template":"elementor_header_footer","meta":{"footnotes":""},"class_list":["post-1543","page","type-page","status-publish","hentry"],"_links":{"self":[{"href":"https:\/\/apacheironworks.com\/es\/wp-json\/wp\/v2\/pages\/1543","targetHints":{"allow":["GET"]}}],"collection":[{"href":"https:\/\/apacheironworks.com\/es\/wp-json\/wp\/v2\/pages"}],"about":[{"href":"https:\/\/apacheironworks.com\/es\/wp-json\/wp\/v2\/types\/page"}],"author":[{"embeddable":true,"href":"https:\/\/apacheironworks.com\/es\/wp-json\/wp\/v2\/users\/1"}],"replies":[{"embeddable":true,"href":"https:\/\/apacheironworks.com\/es\/wp-json\/wp\/v2\/comments?post=1543"}],"version-history":[{"count":28,"href":"https:\/\/apacheironworks.com\/es\/wp-json\/wp\/v2\/pages\/1543\/revisions"}],"predecessor-version":[{"id":4272,"href":"https:\/\/apacheironworks.com\/es\/wp-json\/wp\/v2\/pages\/1543\/revisions\/4272"}],"up":[{"embeddable":true,"href":"https:\/\/apacheironworks.com\/es\/wp-json\/wp\/v2\/pages\/1291"}],"wp:attachment":[{"href":"https:\/\/apacheironworks.com\/es\/wp-json\/wp\/v2\/media?parent=1543"}],"curies":[{"name":"wp","href":"https:\/\/api.w.org\/{rel}","templated":true}]}}