{"id":1381,"date":"2025-02-18T05:26:23","date_gmt":"2025-02-18T05:26:23","guid":{"rendered":"https:\/\/apache-ironworks-new.us9.cdn-alpha.com\/?page_id=1381"},"modified":"2026-03-27T14:02:46","modified_gmt":"2026-03-27T19:02:46","slug":"crusher-spare-parts","status":"publish","type":"page","link":"https:\/\/apacheironworks.com\/es\/parts\/crusher-spare-parts\/","title":{"rendered":"Piezas de repuesto para trituradoras"},"content":{"rendered":"<div data-elementor-type=\"wp-page\" data-elementor-id=\"1381\" class=\"elementor elementor-1381\">\n\t\t\t\t<div class=\"elementor-element elementor-element-5bcc92c e-con-full e-flex wpr-particle-no wpr-jarallax-no wpr-parallax-no wpr-sticky-section-no wpr-equal-height-no e-con e-parent\" data-id=\"5bcc92c\" data-element_type=\"container\" data-e-type=\"container\" data-settings=\"{&quot;background_background&quot;:&quot;classic&quot;}\">\n\t\t\t\t<div class=\"elementor-element elementor-element-4fc8a2b elementor-widget elementor-widget-codexunictheme-breadcrumb\" data-id=\"4fc8a2b\" data-element_type=\"widget\" data-e-type=\"widget\" data-widget_type=\"codexunictheme-breadcrumb.default\">\n\t\t\t\t<div class=\"elementor-widget-container\">\n\t\t\t\t\t        \r\n        <section class=\"breadcrumb-section text-center pt-200 pb-140\" style=\"background-image: url('');\">\r\n            <div class=\"container\">\r\n                <div class=\"row\">\r\n                    <div class=\"col-lg-12\">\r\n                        <div class=\"content\">\r\n                            <h2>Piezas de repuesto para trituradoras<\/h2>\r\n                            <ul>\r\n                                <li><a href=\"https:\/\/apacheironworks.com\/es\/\">Inicio<\/a><\/li>\r\n                                <li>Piezas de repuesto para trituradoras<\/li>\r\n                            <\/ul>\r\n                        <\/div>\r\n                    <\/div>\r\n                <\/div>\r\n            <\/div>\r\n        <\/section>\r\n        \r\n        \t\t\t\t<\/div>\n\t\t\t\t<\/div>\n\t\t\t\t<\/div>\n\t\t<div class=\"elementor-element elementor-element-3920a0c e-flex e-con-boxed wpr-particle-no wpr-jarallax-no wpr-parallax-no wpr-sticky-section-no wpr-equal-height-no e-con e-parent\" data-id=\"3920a0c\" data-element_type=\"container\" data-e-type=\"container\">\n\t\t\t\t\t<div class=\"e-con-inner\">\n\t\t\t\t<div class=\"elementor-element elementor-element-8dbac12 elementor-widget elementor-widget-codexunictheme-common-content\" data-id=\"8dbac12\" data-element_type=\"widget\" data-e-type=\"widget\" data-widget_type=\"codexunictheme-common-content.default\">\n\t\t\t\t<div class=\"elementor-widget-container\">\n\t\t\t\t\t\r\n        <div class=\"common-content-section\">\r\n                            <h1>Crusher Spare Parts | Precision-Made for Maximum Uptime<\/h1>\r\n                        <p>At Apache Iron Works, our <strong data-start=\"319\" data-end=\"342\">crusher spare parts<\/strong> are engineered with precision, durability, and performance in mind. We understand that downtime isn\u2019t an option in the mining and aggregate industries, which is why we supply top-grade replacement components built to exact specifications. From wear parts to critical assemblies, every part is crafted to extend equipment life, improve reliability, and keep your operation running at peak efficiency. Whether you're running a single plant or an entire fleet, trust Apache for rugged, dependable <strong data-start=\"837\" data-end=\"860\">crusher spare parts<\/strong> that deliver under pressure.<\/p>        <\/div>\r\n        \r\n        \t\t\t\t<\/div>\n\t\t\t\t<\/div>\n\t\t\t\t\t<\/div>\n\t\t\t\t<\/div>\n\t\t<div class=\"elementor-element elementor-element-649b4c1 e-flex e-con-boxed wpr-particle-no wpr-jarallax-no wpr-parallax-no wpr-sticky-section-no wpr-equal-height-no e-con e-parent\" data-id=\"649b4c1\" data-element_type=\"container\" data-e-type=\"container\">\n\t\t\t\t\t<div class=\"e-con-inner\">\n\t\t<div class=\"elementor-element elementor-element-b2288d8 e-con-full e-flex wpr-particle-no wpr-jarallax-no wpr-parallax-no wpr-sticky-section-no wpr-equal-height-no e-con e-child\" data-id=\"b2288d8\" data-element_type=\"container\" data-e-type=\"container\">\n\t\t<div class=\"elementor-element elementor-element-a60c1ef e-grid e-con-full wpr-particle-no wpr-jarallax-no wpr-parallax-no wpr-sticky-section-no wpr-equal-height-no e-con e-child\" data-id=\"a60c1ef\" data-element_type=\"container\" data-e-type=\"container\">\n\t\t\t\t<div class=\"elementor-element elementor-element-96eb5e8 elementor-widget elementor-widget-image\" data-id=\"96eb5e8\" data-element_type=\"widget\" data-e-type=\"widget\" data-widget_type=\"image.default\">\n\t\t\t\t<div class=\"elementor-widget-container\">\n\t\t\t\t\t\t\t\t\t\t\t\t\t\t\t<img fetchpriority=\"high\" decoding=\"async\" width=\"310\" height=\"310\" src=\"https:\/\/apacheironworks.com\/wp-content\/uploads\/2025\/02\/Crusher_spare_pic4.png\" class=\"attachment-full size-full wp-image-1387\" alt=\"Crusher Spare\" srcset=\"https:\/\/apacheironworks.com\/wp-content\/uploads\/2025\/02\/Crusher_spare_pic4.png 310w, https:\/\/apacheironworks.com\/wp-content\/uploads\/2025\/02\/Crusher_spare_pic4-300x300.png 300w, https:\/\/apacheironworks.com\/wp-content\/uploads\/2025\/02\/Crusher_spare_pic4-150x150.png 150w\" sizes=\"(max-width: 310px) 100vw, 310px\" \/>\t\t\t\t\t\t\t\t\t\t\t\t\t\t\t<\/div>\n\t\t\t\t<\/div>\n\t\t\t\t<div class=\"elementor-element elementor-element-23e24ea elementor-widget elementor-widget-image\" data-id=\"23e24ea\" data-element_type=\"widget\" data-e-type=\"widget\" data-widget_type=\"image.default\">\n\t\t\t\t<div class=\"elementor-widget-container\">\n\t\t\t\t\t\t\t\t\t\t\t\t\t\t\t<img decoding=\"async\" width=\"310\" height=\"310\" src=\"https:\/\/apacheironworks.com\/wp-content\/uploads\/2025\/02\/Crusher_spare_pic1.png\" class=\"attachment-full size-full wp-image-1386\" alt=\"Crusher Spare\" srcset=\"https:\/\/apacheironworks.com\/wp-content\/uploads\/2025\/02\/Crusher_spare_pic1.png 310w, https:\/\/apacheironworks.com\/wp-content\/uploads\/2025\/02\/Crusher_spare_pic1-300x300.png 300w, https:\/\/apacheironworks.com\/wp-content\/uploads\/2025\/02\/Crusher_spare_pic1-150x150.png 150w\" sizes=\"(max-width: 310px) 100vw, 310px\" \/>\t\t\t\t\t\t\t\t\t\t\t\t\t\t\t<\/div>\n\t\t\t\t<\/div>\n\t\t\t\t<div class=\"elementor-element elementor-element-3d10cdb elementor-widget elementor-widget-image\" data-id=\"3d10cdb\" data-element_type=\"widget\" data-e-type=\"widget\" data-widget_type=\"image.default\">\n\t\t\t\t<div class=\"elementor-widget-container\">\n\t\t\t\t\t\t\t\t\t\t\t\t\t\t\t<img decoding=\"async\" width=\"310\" height=\"310\" src=\"https:\/\/apacheironworks.com\/wp-content\/uploads\/2025\/02\/Crusher_spare_pic2-1.png\" class=\"attachment-full size-full wp-image-1385\" alt=\"Crusher Spare\" srcset=\"https:\/\/apacheironworks.com\/wp-content\/uploads\/2025\/02\/Crusher_spare_pic2-1.png 310w, https:\/\/apacheironworks.com\/wp-content\/uploads\/2025\/02\/Crusher_spare_pic2-1-300x300.png 300w, https:\/\/apacheironworks.com\/wp-content\/uploads\/2025\/02\/Crusher_spare_pic2-1-150x150.png 150w\" sizes=\"(max-width: 310px) 100vw, 310px\" \/>\t\t\t\t\t\t\t\t\t\t\t\t\t\t\t<\/div>\n\t\t\t\t<\/div>\n\t\t\t\t<div class=\"elementor-element elementor-element-6d6d79c elementor-widget elementor-widget-image\" data-id=\"6d6d79c\" data-element_type=\"widget\" data-e-type=\"widget\" data-widget_type=\"image.default\">\n\t\t\t\t<div class=\"elementor-widget-container\">\n\t\t\t\t\t\t\t\t\t\t\t\t\t\t\t<img loading=\"lazy\" decoding=\"async\" width=\"310\" height=\"310\" src=\"https:\/\/apacheironworks.com\/wp-content\/uploads\/2025\/02\/Crusher_spare_pic3.png\" class=\"attachment-full size-full wp-image-1384\" alt=\"Crusher Spare\" srcset=\"https:\/\/apacheironworks.com\/wp-content\/uploads\/2025\/02\/Crusher_spare_pic3.png 310w, https:\/\/apacheironworks.com\/wp-content\/uploads\/2025\/02\/Crusher_spare_pic3-300x300.png 300w, https:\/\/apacheironworks.com\/wp-content\/uploads\/2025\/02\/Crusher_spare_pic3-150x150.png 150w\" sizes=\"(max-width: 310px) 100vw, 310px\" \/>\t\t\t\t\t\t\t\t\t\t\t\t\t\t\t<\/div>\n\t\t\t\t<\/div>\n\t\t\t\t<\/div>\n\t\t\t\t<div class=\"elementor-element elementor-element-2713b10 elementor-widget elementor-widget-heading\" data-id=\"2713b10\" data-element_type=\"widget\" data-e-type=\"widget\" data-widget_type=\"heading.default\">\n\t\t\t\t<div class=\"elementor-widget-container\">\n\t\t\t\t\t<h2 class=\"elementor-heading-title elementor-size-default\">Pedir piezas aqu\u00ed<\/h2>\t\t\t\t<\/div>\n\t\t\t\t<\/div>\n\t\t\t\t<div class=\"elementor-element elementor-element-46d6398 elementor-widget elementor-widget-text-editor\" data-id=\"46d6398\" data-element_type=\"widget\" data-e-type=\"widget\" data-widget_type=\"text-editor.default\">\n\t\t\t\t<div class=\"elementor-widget-container\">\n\t\t\t\t\t\t\t\t\t<p>Por favor, facil\u00edtenos sus datos y nos pondremos en contacto con usted lo antes posible.<\/p>\t\t\t\t\t\t\t\t<\/div>\n\t\t\t\t<\/div>\n\t\t\t\t<div class=\"elementor-element elementor-element-9ec1641 elementor-widget elementor-widget-shortcode\" data-id=\"9ec1641\" data-element_type=\"widget\" data-e-type=\"widget\" data-widget_type=\"shortcode.default\">\n\t\t\t\t<div class=\"elementor-widget-container\">\n\t\t\t\t\t\t\t<div class=\"elementor-shortcode\">\n<div class=\"wpcf7 no-js\" id=\"wpcf7-f1380-o1\" lang=\"en-US\" dir=\"ltr\" data-wpcf7-id=\"1380\">\n<div class=\"screen-reader-response\"><p role=\"status\" aria-live=\"polite\" aria-atomic=\"true\"><\/p> <ul><\/ul><\/div>\n<form action=\"\/es\/wp-json\/wp\/v2\/pages\/1381#wpcf7-f1380-o1\" method=\"post\" class=\"wpcf7-form init\" aria-label=\"Formulario de contacto\" novalidate=\"novalidate\" data-status=\"init\" data-trp-original-action=\"\/es\/wp-json\/wp\/v2\/pages\/1381#wpcf7-f1380-o1\">\n<fieldset class=\"hidden-fields-container\"><input type=\"hidden\" name=\"_wpcf7\" value=\"1380\" \/><input type=\"hidden\" name=\"_wpcf7_version\" value=\"6.1.5\" \/><input type=\"hidden\" name=\"_wpcf7_locale\" value=\"en_US\" \/><input type=\"hidden\" name=\"_wpcf7_unit_tag\" value=\"wpcf7-f1380-o1\" \/><input type=\"hidden\" name=\"_wpcf7_container_post\" value=\"0\" \/><input type=\"hidden\" name=\"_wpcf7_posted_data_hash\" value=\"\" \/>\n<\/fieldset>\n<div class=\"row\">\n\t<div class=\"col-sm-12\" style=\"padding:10px 0;\">\n\t\t<div class=\"single-input\">\n\t\t\t<p><span style=\"font-weight: bold; font-size: 22px;\">Su informaci\u00f3n<\/span>\n\t\t\t<\/p>\n\t\t<\/div>\n\t<\/div>\n\t<div class=\"col-sm-12\" style=\"padding:10px 0;\">\n\t\t<div class=\"single-input\">\n\t\t\t<p><span class=\"wpcf7-form-control-wrap\" data-name=\"your-name\"><input size=\"40\" maxlength=\"400\" class=\"wpcf7-form-control wpcf7-text wpcf7-validates-as-required\" id=\"name\" aria-required=\"true\" aria-invalid=\"false\" placeholder=\"Nombre y apellidos\" value=\"\" type=\"text\" name=\"your-name\" \/><\/span>\n\t\t\t<\/p>\n\t\t<\/div>\n\t<\/div>\n\t<div class=\"col-sm-12\" style=\"padding:10px 0;\">\n\t\t<div class=\"single-input\">\n\t\t\t<p><span class=\"wpcf7-form-control-wrap\" data-name=\"your-email\"><input size=\"40\" maxlength=\"400\" class=\"wpcf7-form-control wpcf7-email wpcf7-validates-as-required wpcf7-text wpcf7-validates-as-email\" id=\"email\" aria-required=\"true\" aria-invalid=\"false\" placeholder=\"Direcci\u00f3n de correo electr\u00f3nico\" value=\"\" type=\"email\" name=\"your-email\" \/><\/span>\n\t\t\t<\/p>\n\t\t<\/div>\n\t<\/div>\n\t<div class=\"col-sm-12\" style=\"padding:10px 0;\">\n\t\t<div class=\"single-input\">\n\t\t\t<p><span class=\"wpcf7-form-control-wrap\" data-name=\"your-phone\"><input size=\"40\" maxlength=\"400\" class=\"wpcf7-form-control wpcf7-text wpcf7-validates-as-required\" id=\"phone\" aria-required=\"true\" aria-invalid=\"false\" placeholder=\"N\u00famero de tel\u00e9fono\" value=\"\" type=\"text\" name=\"your-phone\" \/><\/span>\n\t\t\t<\/p>\n\t\t<\/div>\n\t<\/div>\n\t<div class=\"col-sm-12\" style=\"padding:10px 0;\">\n\t\t<div class=\"single-input\">\n\t\t\t<p><span style=\"font-weight: bold; font-size: 22px;\">Informaci\u00f3n sobre la empresa<\/span>\n\t\t\t<\/p>\n\t\t<\/div>\n\t<\/div>\n\t<div class=\"col-sm-12\" style=\"padding:10px 0;\">\n\t\t<div class=\"single-input\">\n\t\t\t<p><span class=\"wpcf7-form-control-wrap\" data-name=\"company-name\"><input size=\"40\" maxlength=\"400\" class=\"wpcf7-form-control wpcf7-text wpcf7-validates-as-required\" id=\"companyname\" aria-required=\"true\" aria-invalid=\"false\" placeholder=\"Nombre de la empresa\" value=\"\" type=\"text\" name=\"company-name\" \/><\/span>\n\t\t\t<\/p>\n\t\t<\/div>\n\t<\/div>\n\t<div class=\"col-sm-12\" style=\"padding:10px 0;\">\n\t\t<div class=\"single-input\">\n\t\t\t<p><span class=\"wpcf7-form-control-wrap\" data-name=\"job-title\"><input size=\"40\" maxlength=\"400\" class=\"wpcf7-form-control wpcf7-text wpcf7-validates-as-required\" id=\"jobtitle\" aria-required=\"true\" aria-invalid=\"false\" placeholder=\"Puesto\" value=\"\" type=\"text\" name=\"job-title\" \/><\/span>\n\t\t\t<\/p>\n\t\t<\/div>\n\t<\/div>\n\t<div class=\"col-sm-12\" style=\"padding:10px 0;\">\n\t\t<div class=\"single-input\">\n\t\t\t<p><span class=\"wpcf7-form-control-wrap\" data-name=\"address\"><input size=\"40\" maxlength=\"400\" class=\"wpcf7-form-control wpcf7-text wpcf7-validates-as-required\" id=\"address\" aria-required=\"true\" aria-invalid=\"false\" placeholder=\"Direcci\u00f3n\" value=\"\" type=\"text\" name=\"address\" \/><\/span>\n\t\t\t<\/p>\n\t\t<\/div>\n\t<\/div>\n\t<div class=\"col-sm-12\" style=\"padding:10px 0;\">\n\t\t<div class=\"single-input\">\n\t\t\t<p><span class=\"wpcf7-form-control-wrap\" data-name=\"address2\"><input size=\"40\" maxlength=\"400\" class=\"wpcf7-form-control wpcf7-text wpcf7-validates-as-required\" id=\"address2\" aria-required=\"true\" aria-invalid=\"false\" placeholder=\"Direcci\u00f3n2\" value=\"\" type=\"text\" name=\"address2\" \/><\/span>\n\t\t\t<\/p>\n\t\t<\/div>\n\t<\/div>\n\t<div class=\"col-sm-12\" style=\"padding:10px 0;\">\n\t\t<div class=\"single-input\">\n\t\t\t<p><span class=\"wpcf7-form-control-wrap\" data-name=\"complete-details\"><input size=\"40\" maxlength=\"400\" class=\"wpcf7-form-control wpcf7-text wpcf7-validates-as-required\" id=\"completedetails\" aria-required=\"true\" aria-invalid=\"false\" placeholder=\"Ciudad Estado\/Provincia\/Regi\u00f3n C\u00f3digo postal Pa\u00eds\" value=\"\" type=\"text\" name=\"complete-details\" \/><\/span>\n\t\t\t<\/p>\n\t\t<\/div>\n\t<\/div>\n\t<div class=\"col-sm-12\" style=\"padding:10px 0;\">\n\t\t<div class=\"single-input\">\n\t\t\t<p><span style=\"font-weight: bold; font-size: 22px;\">Acerca de su consulta<\/span>\n\t\t\t<\/p>\n\t\t<\/div>\n\t<\/div>\n\t<div class=\"col-sm-12\" style=\"padding:10px 0;\">\n\t\t<div class=\"single-input\">\n\t\t\t<p><span class=\"wpcf7-form-control-wrap\" data-name=\"manufacture-name\"><input size=\"40\" maxlength=\"400\" class=\"wpcf7-form-control wpcf7-text wpcf7-validates-as-required\" id=\"manName\" aria-required=\"true\" aria-invalid=\"false\" placeholder=\"Nombre de fabricaci\u00f3n\" value=\"\" type=\"text\" name=\"manufacture-name\" \/><\/span>\n\t\t\t<\/p>\n\t\t<\/div>\n\t<\/div>\n\t<div class=\"col-sm-12\" style=\"padding:10px 0;\">\n\t\t<div class=\"single-input\">\n\t\t\t<p><span class=\"wpcf7-form-control-wrap\" data-name=\"modelnum\"><input size=\"40\" maxlength=\"400\" class=\"wpcf7-form-control wpcf7-text wpcf7-validates-as-required\" id=\"modelnum\" aria-required=\"true\" aria-invalid=\"false\" placeholder=\"N\u00famero de modelo\" value=\"\" type=\"text\" name=\"modelnum\" \/><\/span>\n\t\t\t<\/p>\n\t\t<\/div>\n\t<\/div>\n\t<div class=\"col-sm-12\" style=\"padding:10px 0;\">\n\t\t<div class=\"single-input\">\n\t\t\t<p><span class=\"wpcf7-form-control-wrap\" data-name=\"serialnum\"><input size=\"40\" maxlength=\"400\" class=\"wpcf7-form-control wpcf7-text wpcf7-validates-as-required\" id=\"serialnum\" aria-required=\"true\" aria-invalid=\"false\" placeholder=\"N\u00famero de serie\" value=\"\" type=\"text\" name=\"serialnum\" \/><\/span>\n\t\t\t<\/p>\n\t\t<\/div>\n\t<\/div>\n\t<div class=\"col-sm-12\" style=\"padding:10px 0;\">\n\t\t<div class=\"single-input\">\n\t\t\t<p><span class=\"wpcf7-form-control-wrap\" data-name=\"partnum\"><input size=\"40\" maxlength=\"400\" class=\"wpcf7-form-control wpcf7-text wpcf7-validates-as-required\" id=\"partnum\" aria-required=\"true\" aria-invalid=\"false\" placeholder=\"N\u00famero de pieza\" value=\"\" type=\"text\" name=\"partnum\" \/><\/span>\n\t\t\t<\/p>\n\t\t<\/div>\n\t<\/div>\n\t<div class=\"col-sm-12\" style=\"padding:10px 0;\">\n\t\t<div class=\"single-input\">\n\t\t\t<p><span class=\"wpcf7-form-control-wrap\" data-name=\"additional-details\"><textarea cols=\"40\" rows=\"10\" maxlength=\"20\" minlength=\"10\" class=\"wpcf7-form-control wpcf7-textarea\" aria-invalid=\"false\" placeholder=\"Descripci\u00f3n\" name=\"additional-details\"><\/textarea><\/span>\n\t\t\t<\/p>\n\t\t<\/div>\n\t<\/div>\n\t<div class=\"col-sm-12\" style=\"padding:10px 0;\">\n\t\t<div class=\"single-input\">\n\t\t\t<p><input class=\"wpcf7-form-control wpcf7-submit has-spinner\" type=\"submit\" value=\"Enviar mensaje\" \/>\n\t\t\t<\/p>\n\t\t<\/div>\n\t<\/div>\n<\/div><div class=\"wpcf7-response-output\" aria-hidden=\"true\"><\/div>\n<input type=\"hidden\" name=\"trp-form-language\" value=\"es\"\/><\/form>\n<\/div>\n<\/div>\n\t\t\t\t\t\t<\/div>\n\t\t\t\t<\/div>\n\t\t\t\t<\/div>\n\t\t<div class=\"elementor-element elementor-element-89758a7 e-con-full e-flex wpr-particle-no wpr-jarallax-no wpr-parallax-no wpr-sticky-section-no wpr-equal-height-no e-con e-child\" data-id=\"89758a7\" data-element_type=\"container\" data-e-type=\"container\">\n\t\t\t\t<div class=\"elementor-element elementor-element-e318808 elementor-widget elementor-widget-codexunictheme-services-details\" data-id=\"e318808\" data-element_type=\"widget\" data-e-type=\"widget\" data-widget_type=\"codexunictheme-services-details.default\">\n\t\t\t\t<div class=\"elementor-widget-container\">\n\t\t\t\t\t\r\n        <div class=\"services-details-list\">\r\n            <h3>Piezas<\/h3>\r\n            <ul>\r\n                                    <li class=\"yes\"><a href=\"\/es\/services\/parts\/crusher-spare-parts\/\">Piezas de repuesto para trituradoras<\/a><\/li>\r\n                                    <li class=\"no\"><a href=\"\/es\/services\/parts\/after-market\/\">After Market<\/a><\/li>\r\n                            <\/ul>\r\n        <\/div>\r\n        \r\n        \t\t\t\t<\/div>\n\t\t\t\t<\/div>\n\t\t\t\t<div class=\"elementor-element elementor-element-6c32e53 elementor-widget elementor-widget-codexunictheme-services-contact-banner\" data-id=\"6c32e53\" data-element_type=\"widget\" data-e-type=\"widget\" data-widget_type=\"codexunictheme-services-contact-banner.default\">\n\t\t\t\t<div class=\"elementor-widget-container\">\n\t\t\t\t\t\r\n        <div class=\"services-details-ct-banner\" style=\"background-image: url('https:\/\/apache-ironworks-new.us9.cdn-alpha.com\/wp-content\/uploads\/2025\/02\/Picture4.png');\">\r\n            <div>\r\n                <div class=\"icon\">\r\n                    <i class=\"fa-light fa-phone\"><\/i>\r\n                <\/div>\r\n                <h3>\u00bfTiene alguna pregunta? Ll\u00e1menos hoy mismo<\/h3>\r\n                <h5>307-772-4563<\/h5>\r\n            <\/div>\r\n            \r\n        <\/div>\r\n        \r\n        \t\t\t\t<\/div>\n\t\t\t\t<\/div>\n\t\t\t\t<\/div>\n\t\t\t\t\t<\/div>\n\t\t\t\t<\/div>\n\t\t\t\t<\/div>","protected":false},"excerpt":{"rendered":"<p>Crusher Spare Parts Home Crusher Spare Parts Crusher Spare Parts | Precision-Made for Maximum Uptime At Apache Iron Works, our crusher spare parts are engineered with precision, durability, and performance in mind. We understand that downtime isn\u2019t an option in the mining and aggregate industries, which is why we supply top-grade replacement components built to exact specifications. From wear parts to critical assemblies, every part is crafted to extend equipment life, improve reliability, and keep your operation running at peak efficiency. Whether you&#8217;re running a single plant or an entire fleet, trust Apache for rugged, dependable crusher spare parts that deliver under pressure. Order Parts Here Please your details below, and we will contact you about your orders as soon as possible Parts Crusher Spare Parts After Market Have Any Questions? Call Us Today! 307-772-4563<\/p>","protected":false},"author":1,"featured_media":0,"parent":1271,"menu_order":0,"comment_status":"closed","ping_status":"closed","template":"elementor_header_footer","meta":{"footnotes":""},"class_list":["post-1381","page","type-page","status-publish","hentry"],"_links":{"self":[{"href":"https:\/\/apacheironworks.com\/es\/wp-json\/wp\/v2\/pages\/1381","targetHints":{"allow":["GET"]}}],"collection":[{"href":"https:\/\/apacheironworks.com\/es\/wp-json\/wp\/v2\/pages"}],"about":[{"href":"https:\/\/apacheironworks.com\/es\/wp-json\/wp\/v2\/types\/page"}],"author":[{"embeddable":true,"href":"https:\/\/apacheironworks.com\/es\/wp-json\/wp\/v2\/users\/1"}],"replies":[{"embeddable":true,"href":"https:\/\/apacheironworks.com\/es\/wp-json\/wp\/v2\/comments?post=1381"}],"version-history":[{"count":23,"href":"https:\/\/apacheironworks.com\/es\/wp-json\/wp\/v2\/pages\/1381\/revisions"}],"predecessor-version":[{"id":4266,"href":"https:\/\/apacheironworks.com\/es\/wp-json\/wp\/v2\/pages\/1381\/revisions\/4266"}],"up":[{"embeddable":true,"href":"https:\/\/apacheironworks.com\/es\/wp-json\/wp\/v2\/pages\/1271"}],"wp:attachment":[{"href":"https:\/\/apacheironworks.com\/es\/wp-json\/wp\/v2\/media?parent=1381"}],"curies":[{"name":"wp","href":"https:\/\/api.w.org\/{rel}","templated":true}]}}