{"id":1271,"date":"2025-02-17T06:06:01","date_gmt":"2025-02-17T06:06:01","guid":{"rendered":"https:\/\/apache-ironworks-new.us9.cdn-alpha.com\/?page_id=1271"},"modified":"2026-03-27T14:04:58","modified_gmt":"2026-03-27T19:04:58","slug":"parts","status":"publish","type":"page","link":"https:\/\/apacheironworks.com\/es\/parts\/","title":{"rendered":"Piezas"},"content":{"rendered":"<div data-elementor-type=\"wp-page\" data-elementor-id=\"1271\" class=\"elementor elementor-1271\">\n\t\t\t\t<div class=\"elementor-element elementor-element-e025389 e-con-full e-flex wpr-particle-no wpr-jarallax-no wpr-parallax-no wpr-sticky-section-no wpr-equal-height-no e-con e-parent\" data-id=\"e025389\" data-element_type=\"container\" data-e-type=\"container\" data-settings=\"{&quot;background_background&quot;:&quot;classic&quot;}\">\n\t\t\t\t<div class=\"elementor-element elementor-element-e212673 elementor-widget elementor-widget-codexunictheme-breadcrumb\" data-id=\"e212673\" data-element_type=\"widget\" data-e-type=\"widget\" data-widget_type=\"codexunictheme-breadcrumb.default\">\n\t\t\t\t<div class=\"elementor-widget-container\">\n\t\t\t\t\t        \r\n        <section class=\"breadcrumb-section text-center pt-200 pb-140\" style=\"background-image: url('');\">\r\n            <div class=\"container\">\r\n                <div class=\"row\">\r\n                    <div class=\"col-lg-12\">\r\n                        <div class=\"content\">\r\n                            <h2>Piezas<\/h2>\r\n                            <ul>\r\n                                <li><a href=\"https:\/\/apacheironworks.com\/es\/\">Inicio<\/a><\/li>\r\n                                <li>Piezas<\/li>\r\n                            <\/ul>\r\n                        <\/div>\r\n                    <\/div>\r\n                <\/div>\r\n            <\/div>\r\n        <\/section>\r\n        \r\n        \t\t\t\t<\/div>\n\t\t\t\t<\/div>\n\t\t\t\t<\/div>\n\t\t<div class=\"elementor-element elementor-element-501caed e-flex e-con-boxed wpr-particle-no wpr-jarallax-no wpr-parallax-no wpr-sticky-section-no wpr-equal-height-no e-con e-parent\" data-id=\"501caed\" data-element_type=\"container\" data-e-type=\"container\">\n\t\t\t\t\t<div class=\"e-con-inner\">\n\t\t\t\t<div class=\"elementor-element elementor-element-af8b2a4 elementor-widget elementor-widget-codexunictheme-section-about-us2\" data-id=\"af8b2a4\" data-element_type=\"widget\" data-e-type=\"widget\" data-widget_type=\"codexunictheme-section-about-us2.default\">\n\t\t\t\t<div class=\"elementor-widget-container\">\n\t\t\t\t\t        <div class=\"ct-about-us-section2 section-padding-2\">\r\n            <div class=\"container\">\r\n                <div class=\"row\">\r\n                    <div class=\"col-lg-6 mb-30 align-self-center\">\r\n\r\n                        <div class=\"ct-about-us-image\">\r\n                            <div class=\"row\">\r\n                                <div class=\"col-sm-8 col-6\">\r\n                                                                            <img decoding=\"async\" class=\"wow fadeInUp\" data-wow-delay=\".5s\" src=\"https:\/\/apache-ironworks-new.us9.cdn-alpha.com\/wp-content\/uploads\/2025\/03\/Home_page_crusher_image.png\" alt=\"about image\">\r\n                                                                    <\/div>\r\n                                <div class=\"col-sm-4 col-6 col-pl-0 pb-30 align-self-end position-relative\">\r\n                                                                            <img decoding=\"async\" class=\"wow fadeInRight\" data-wow-delay=\".8s\" src=\"https:\/\/apache-ironworks-new.us9.cdn-alpha.com\/wp-content\/uploads\/2025\/02\/Crusher_spare_pic2.png\" alt=\"image\">\r\n                                                                        <div class=\"ab-im-content wow fadeInUp\">\r\n                                        <div class=\"icon\">\r\n                                            <i class=\"fas fa-phone-alt\"><\/i>\r\n                                        <\/div>\r\n                                        <div class=\"con\">\r\n                                            <strong>Llame cuando quiera<\/strong>\r\n                                            <a href=\"\/es\/254-405-5580\/\">254-405-5580<\/a>\r\n                                        <\/div>\r\n                                    <\/div>\r\n                                 <\/div>\r\n                            <\/div>\r\n                        <\/div>\r\n                    <\/div>\r\n                    <div class=\"col-lg-6 mb-30 align-self-center order-first\">\r\n                        <div class=\"content pl-30-992\">\r\n                            <div class=\"ct-section-title text-left\">\r\n                                                                    <h4>Ver todos nuestros<\/h4>\r\n                                                                                                    <h2><h1>Piezas<\/h1><\/h2>\r\n                                                            <\/div>\r\n                                                            <p class=\"text\">Apache se especializa en resolver problemas y proporciona soluciones para satisfacer las necesidades y demandas \u00fanicas de la industria minera y de los clientes a nivel internacional.<\/p>\r\n                                                                                    <div class=\"ab-list mb-25\">\r\n                                <ul>\r\n                                                                        <li><i class=\"fa-regular fa-octagon-check\"><\/i> <span>Apache OEM<\/span><\/li>\r\n                                                                        <li><i class=\"fa-regular fa-octagon-check\"><\/i> <span>After Market<\/span><\/li>\r\n                                                                    <\/ul>\r\n                            <\/div>\r\n                            \r\n                                                            <div class=\"about-btn\"  data-cues=\"slideInUp\" >\r\n                                    <a href=\"\/es\/contact-us\/\" class=\"button-1\">Solicitar presupuesto <i class=\"fa-regular fa-arrow-right\"><\/i><\/a>\r\n                                <\/div>\r\n                                                    <\/div>\r\n                    <\/div>\r\n                <\/div>\r\n            <\/div>\r\n        <\/div>\r\n        \r\n        \t\t\t\t<\/div>\n\t\t\t\t<\/div>\n\t\t\t\t\t<\/div>\n\t\t\t\t<\/div>\n\t\t<div class=\"elementor-element elementor-element-97f9ed5 e-con-full section-bg e-flex wpr-particle-no wpr-jarallax-no wpr-parallax-no wpr-sticky-section-no wpr-equal-height-no e-con e-parent\" data-id=\"97f9ed5\" data-element_type=\"container\" data-e-type=\"container\" data-settings=\"{&quot;background_background&quot;:&quot;classic&quot;}\">\n\t\t\t\t<div class=\"elementor-element elementor-element-8e64753 elementor-widget elementor-widget-codexunictheme-section-headding\" data-id=\"8e64753\" data-element_type=\"widget\" data-e-type=\"widget\" data-widget_type=\"codexunictheme-section-headding.default\">\n\t\t\t\t<div class=\"elementor-widget-container\">\n\t\t\t\t\t        <div class=\"ct-se-h-secsss\">\r\n            <div class=\"container\">\r\n                <div class=\"row\">\r\n                    <div class=\"col-lg-8 offset-lg-2\">\r\n                        <div class=\"ct-section-title text-center\">\r\n                                                            <h4 class=\"style-1 wow fadeInUp\" data-wow-delay=\".2s\">Nuestros servicios<\/h4>\r\n                                                                                        <h2 class=\"wow fadeInUp\" data-wow-delay=\".4s\">Todas nuestras piezas<\/h2>\r\n                                                                                <\/div>\r\n                    <\/div>\r\n                <\/div>\r\n            <\/div>\r\n        <\/div>\r\n        \r\n        \r\n        \t\t\t\t<\/div>\n\t\t\t\t<\/div>\n\t\t\t\t<div class=\"elementor-element elementor-element-f57611d elementor-widget elementor-widget-codexunictheme-services\" data-id=\"f57611d\" data-element_type=\"widget\" data-e-type=\"widget\" data-widget_type=\"codexunictheme-services.default\">\n\t\t\t\t<div class=\"elementor-widget-container\">\n\t\t\t\t\t        \r\n        \r\n                    <div class=\"ct-services-sec\">\r\n                <div class=\"container\">\r\n                    <div class=\"row\"  data-cues=\"slideInUp\" >\r\n                                                <div class=\"col-lg-6 col-md-6 col-12 mb-30\">\r\n\r\n                                                        <div class=\"services-card-item\">\r\n                                <div class=\"icon\">\r\n                                                                            <div class=\"ic\">\r\n                                                                                            <i aria-hidden=\"true\" class=\"fas fa-star\"><\/i>                                                                                                                                <\/div>\r\n                                                                                                        <\/div>\r\n                                <div class=\"content\">\r\n                                    <h2>Apache OEM<\/h2>\r\n                                    <p>Ofrecemos piezas de desgaste de manganeso para muchos tipos de trituradoras de mand\u00edbula y de cono.<\/p>\r\n                                                                        <a href=\"\/es\/services\/parts\/crusher-spare-parts\/\">Seguir leyendo <i class=\"bi bi-arrow-right\"><\/i><\/a>\r\n                                                                    <\/div>\r\n                            <\/div>\r\n                            \r\n                            \r\n\r\n\r\n\r\n                            \r\n\r\n\r\n                        <\/div>\r\n                                                <div class=\"col-lg-6 col-md-6 col-12 mb-30\">\r\n\r\n                                                        <div class=\"services-card-item\">\r\n                                <div class=\"icon\">\r\n                                                                            <div class=\"ic\">\r\n                                                                                            <i aria-hidden=\"true\" class=\"fas fa-star\"><\/i>                                                                                                                                <\/div>\r\n                                                                                                        <\/div>\r\n                                <div class=\"content\">\r\n                                    <h2>After Market<\/h2>\r\n                                    <p>APACHE Iron Works ofrece piezas de repuesto de alta calidad para todas nuestras m\u00e1quinas.  Taiw\u00e1n es mundialmente conocido por producir engranajes y piezas de maquinaria inigualables.<\/p>\r\n                                                                        <a href=\"\/es\/services\/parts\/after-market\/\">Seguir leyendo <i class=\"bi bi-arrow-right\"><\/i><\/a>\r\n                                                                    <\/div>\r\n                            <\/div>\r\n                            \r\n                            \r\n\r\n\r\n\r\n                            \r\n\r\n\r\n                        <\/div>\r\n                                            <\/div>\r\n                <\/div>\r\n            <\/div>\r\n                \r\n        \t\t\t\t<\/div>\n\t\t\t\t<\/div>\n\t\t\t\t<\/div>\n\t\t<div class=\"elementor-element elementor-element-f202326 e-con-full e-flex wpr-particle-no wpr-jarallax-no wpr-parallax-no wpr-sticky-section-no wpr-equal-height-no e-con e-parent\" data-id=\"f202326\" data-element_type=\"container\" data-e-type=\"container\">\n\t\t\t\t<div class=\"elementor-element elementor-element-deeb336 elementor-widget elementor-widget-codexunictheme-section-headding\" data-id=\"deeb336\" data-element_type=\"widget\" data-e-type=\"widget\" data-widget_type=\"codexunictheme-section-headding.default\">\n\t\t\t\t<div class=\"elementor-widget-container\">\n\t\t\t\t\t        <div class=\"ct-se-h-secsss\">\r\n            <div class=\"container\">\r\n                <div class=\"row\">\r\n                    <div class=\"col-lg-8 offset-lg-2\">\r\n                        <div class=\"ct-section-title text-center\">\r\n                                                            <h4 class=\"style-1 wow fadeInUp\" data-wow-delay=\".2s\">PREGUNTAS FRECUENTES<\/h4>\r\n                                                                                        <h2 class=\"wow fadeInUp\" data-wow-delay=\".4s\">Preguntas frecuentes ?<\/h2>\r\n                                                                                <\/div>\r\n                    <\/div>\r\n                <\/div>\r\n            <\/div>\r\n        <\/div>\r\n        \r\n        \r\n        \t\t\t\t<\/div>\n\t\t\t\t<\/div>\n\t\t<div class=\"elementor-element elementor-element-c7885fd e-flex e-con-boxed wpr-particle-no wpr-jarallax-no wpr-parallax-no wpr-sticky-section-no wpr-equal-height-no e-con e-child\" data-id=\"c7885fd\" data-element_type=\"container\" data-e-type=\"container\">\n\t\t\t\t\t<div class=\"e-con-inner\">\n\t\t\t\t<div class=\"elementor-element elementor-element-334eb38 elementor-widget elementor-widget-codexunictheme-faq\" data-id=\"334eb38\" data-element_type=\"widget\" data-e-type=\"widget\" data-widget_type=\"codexunictheme-faq.default\">\n\t\t\t\t<div class=\"elementor-widget-container\">\n\t\t\t\t\t\r\n        <div class=\"codexunictheme-accordion\">\r\n                        <div class=\"accordion\" id=\"accordionExample\">\r\n                                \r\n                <div class=\"accordion-item\">\r\n                    <h2 class=\"accordion-header\" id=\"heading-1\">\r\n                        <a class=\"\" href=\"#\" data-bs-toggle=\"collapse\" data-bs-target=\"#collapse-1\" aria-expanded=\"true\" aria-controls=\"collapse-1\">\r\n                            \u00bfD\u00f3nde se fabrica su equipo? \r\n                        <\/a>\r\n                    <\/h2>\r\n                    <div id=\"collapse-1\" class=\"accordion-collapse collapse show\" aria-labelledby=\"heading-1\" data-bs-parent=\"#accordionExample\">\r\n                        <div class=\"accordion-body\">\r\n                            <p>APACHE IRON WORKS fabrica equipos de proceso en varios lugares, incluidos Estados Unidos, Taiw\u00e1n y Corea del Sur. Estamos orgullosos de ser una empresa estadounidense, con sede en Cheyenne, Wyoming. Nuestra f\u00e1brica de Taiw\u00e1n, con 54 a\u00f1os de dise\u00f1o y fabricaci\u00f3n de alta calidad, est\u00e1 especializada en la fabricaci\u00f3n artesanal de equipos de trituraci\u00f3n y cribado. Taiw\u00e1n tiene fama de fabricar productos de la m\u00e1xima calidad y se encuentra entre los mejores del mundo en el engranaje de maquinaria. Nuestros socios turcos producen maquinaria minera de primera clase. Turqu\u00eda es conocida por su fundici\u00f3n y mecanizado de alta calidad, que cumplen o superan las estrictas normas de la Uni\u00f3n Europea. <\/p>\r\n                        <\/div>\r\n                    <\/div>\r\n                <\/div>\r\n                \r\n                <div class=\"accordion-item\">\r\n                    <h2 class=\"accordion-header\" id=\"heading-2\">\r\n                        <a class=\"collapsed\" href=\"#\" data-bs-toggle=\"collapse\" data-bs-target=\"#collapse-2\" aria-expanded=\"false\" aria-controls=\"collapse-2\">\r\n                            \u00bfD\u00f3nde se almacenan las piezas? \r\n                        <\/a>\r\n                    <\/h2>\r\n                    <div id=\"collapse-2\" class=\"accordion-collapse collapse\" aria-labelledby=\"heading-2\" data-bs-parent=\"#accordionExample\">\r\n                        <div class=\"accordion-body\">\r\n                            <p>Las piezas de las m\u00e1quinas se almacenan de forma centralizada en un almac\u00e9n situado en Texas. Como parte de nuestro compromiso de servir a nuestros clientes, planeamos expandirnos con almacenes en las costas Este y Oeste en un futuro pr\u00f3ximo. <\/p>\r\n                        <\/div>\r\n                    <\/div>\r\n                <\/div>\r\n                \r\n                <div class=\"accordion-item\">\r\n                    <h2 class=\"accordion-header\" id=\"heading-3\">\r\n                        <a class=\"collapsed\" href=\"#\" data-bs-toggle=\"collapse\" data-bs-target=\"#collapse-3\" aria-expanded=\"false\" aria-controls=\"collapse-3\">\r\n                            \u00bfCu\u00e1nto tarda aproximadamente el proceso de licitaci\u00f3n desde que surge el inter\u00e9s hasta que se recibe el paquete de ofertas? \r\n                        <\/a>\r\n                    <\/h2>\r\n                    <div id=\"collapse-3\" class=\"accordion-collapse collapse\" aria-labelledby=\"heading-3\" data-bs-parent=\"#accordionExample\">\r\n                        <div class=\"accordion-body\">\r\n                            <p>La duraci\u00f3n del proceso de licitaci\u00f3n puede variar en funci\u00f3n del tama\u00f1o y la complejidad del proyecto del cliente. Por lo general, nuestro paquete de precios puede entregarse en el plazo de una semana para ofertas est\u00e1ndar. Los paquetes de precios para aplicaciones m\u00e1s complejas pueden tardar entre dos y tres semanas en completarse y entregarse al cliente. <\/p>\r\n                        <\/div>\r\n                    <\/div>\r\n                <\/div>\r\n                \r\n                <div class=\"accordion-item\">\r\n                    <h2 class=\"accordion-header\" id=\"heading-4\">\r\n                        <a class=\"collapsed\" href=\"#\" data-bs-toggle=\"collapse\" data-bs-target=\"#collapse-4\" aria-expanded=\"false\" aria-controls=\"collapse-4\">\r\n                            \u00bfCu\u00e1les son sus plazos de entrega? \r\n                        <\/a>\r\n                    <\/h2>\r\n                    <div id=\"collapse-4\" class=\"accordion-collapse collapse\" aria-labelledby=\"heading-4\" data-bs-parent=\"#accordionExample\">\r\n                        <div class=\"accordion-body\">\r\n                            <p>Normalmente, nuestros plazos de fabricaci\u00f3n oscilan entre 90 y 100 d\u00edas aproximadamente. Una vez fabricado el equipo, tarda entre 20 y 30 d\u00edas en llegar al lugar designado por el cliente. Trabajamos con diligencia para cumplir estos plazos y garantizar un proceso fluido a nuestros clientes.\n <\/p>\r\n                        <\/div>\r\n                    <\/div>\r\n                <\/div>\r\n                \r\n                <div class=\"accordion-item\">\r\n                    <h2 class=\"accordion-header\" id=\"heading-5\">\r\n                        <a class=\"collapsed\" href=\"#\" data-bs-toggle=\"collapse\" data-bs-target=\"#collapse-5\" aria-expanded=\"false\" aria-controls=\"collapse-5\">\r\n                            \u00bfQu\u00e9 garant\u00eda ofrece APACHE para sus productos? \r\n                        <\/a>\r\n                    <\/h2>\r\n                    <div id=\"collapse-5\" class=\"accordion-collapse collapse\" aria-labelledby=\"heading-5\" data-bs-parent=\"#accordionExample\">\r\n                        <div class=\"accordion-body\">\r\n                            <p>Nuestra garant\u00eda est\u00e1ndar proporciona cobertura durante 12 meses o 2000 horas de funcionamiento, lo que ocurra primero, contra defectos de fabricaci\u00f3n. Alternativamente, nuestra garant\u00eda es de 18 meses a partir de la fecha de env\u00edo desde la f\u00e1brica. Para aquellos que busquen protecci\u00f3n y tranquilidad adicionales, ofrecemos opciones de garant\u00eda ampliada a un coste adicional. <\/p>\r\n                        <\/div>\r\n                    <\/div>\r\n                <\/div>\r\n                \r\n                <div class=\"accordion-item\">\r\n                    <h2 class=\"accordion-header\" id=\"heading-6\">\r\n                        <a class=\"collapsed\" href=\"#\" data-bs-toggle=\"collapse\" data-bs-target=\"#collapse-6\" aria-expanded=\"false\" aria-controls=\"collapse-6\">\r\n                            \u00bfQu\u00e9 formas de pago aceptamos en APACHE Iron Works? \r\n                        <\/a>\r\n                    <\/h2>\r\n                    <div id=\"collapse-6\" class=\"accordion-collapse collapse\" aria-labelledby=\"heading-6\" data-bs-parent=\"#accordionExample\">\r\n                        <div class=\"accordion-body\">\r\n                            <p>En APACHE, ofrecemos la comodidad de m\u00faltiples opciones de pago, incluidas transferencias bancarias seguras, cheques personales y el uso sin problemas de las principales tarjetas de cr\u00e9dito. <\/p>\r\n                        <\/div>\r\n                    <\/div>\r\n                <\/div>\r\n                            <\/div>\r\n                    <\/div>\r\n        \r\n        \t\t\t\t<\/div>\n\t\t\t\t<\/div>\n\t\t\t\t\t<\/div>\n\t\t\t\t<\/div>\n\t\t\t\t<\/div>\n\t\t<div class=\"elementor-element elementor-element-8beeddd e-con-full e-flex wpr-particle-no wpr-jarallax-no wpr-parallax-no wpr-sticky-section-no wpr-equal-height-no e-con e-parent\" data-id=\"8beeddd\" data-element_type=\"container\" data-e-type=\"container\">\n\t\t\t\t<div class=\"elementor-element elementor-element-28a8695 elementor-widget elementor-widget-codexunictheme-banner-section3\" data-id=\"28a8695\" data-element_type=\"widget\" data-e-type=\"widget\" data-widget_type=\"codexunictheme-banner-section3.default\">\n\t\t\t\t<div class=\"elementor-widget-container\">\n\t\t\t\t\t        <div class=\"banner3-sec\" style=\"background-image: url('https:\/\/apache-ironworks-new.us9.cdn-alpha.com\/wp-content\/uploads\/2025\/03\/Home_page_mine_background.jpg')\">\r\n            <div class=\"container\">\r\n                <div class=\"row justify-content-end\">\r\n                <div class=\"col-md-10 col-lg-6\">\r\n                    <div class=\"content\">\r\n                                                                            <h2 class=\"wow fadeInUp animated\" data-wow-delay=\".3s\">Nuestro objetivo es ofrecerle un producto de calidad superior dise\u00f1ado pensando en su proyecto minero.  Comience aqu\u00ed para solicitar un presupuesto.<\/h2>\r\n                                                                                                    <a href=\"\/es\/contact-us\/\" class=\"button-1 wow fadeInRight animated\" data-wow-delay=\".5s\">Solicitar presupuesto <i class=\"fa-regular fa-arrow-right\"><\/i><\/a>\r\n                                            <\/div>\r\n                <\/div>\r\n            <\/div>\r\n            <\/div>\r\n        <\/div>\r\n        \r\n        \t\t\t\t<\/div>\n\t\t\t\t<\/div>\n\t\t\t\t<\/div>\n\t\t\t\t<\/div>","protected":false},"excerpt":{"rendered":"<p>Parts Home Parts Call Anytime 254-405-5580 See all our Parts Apache specializes in solving problems and provides solutions to meet the unique needs and demands of the mining industry and customers internationally. Apache OEM After Market Request a Quote Our Services All Our Parts Apache OEM We offer Manganese Wear Parts for many types of Jaw and Cone Crushers. Read More After Market APACHE Iron Works offers high-quality replacement parts for all our machines. Taiwan is world-renowned for producing unmatched gearing and machine parts. Read More FAQ Frequently Asked Questions ? Where is your equipment made? APACHE IRON WORKS manufactures and fabricates process equipment in various locations, including the United States, Taiwan, and South Korea. We take pride in being an American company, based in Cheyenne, Wyoming. Our Taiwan factory, with 54 years of high quality design and manufacturing, specializes in crafting crushing and screening equipment. Taiwan is renowned for producing top-quality products and is among the best in machine gearing globally. Our Turkish partners produce world class mining machinery. Turkey is well known for high quality casting and machining, meeting or exceeding tough European Union standards. Where are your parts stored? Machine parts are centrally stored in a warehouse located in Texas. As part of our commitment to serving our clients, we plan to expand with warehouses on both the East and West coasts in the near future. About how long does the bid process take from the start of interest to receiving the bid package? The duration of the bid process can vary depending on the size and complexity of the client\u2019s project. Generally, our pricing package can be delivered within about a week for standard bids. More intricate application pricing packages may take around two to three weeks to complete and provide to the client. What are your lead times? Typically, our lead times for manufacturing range from approximately 90 to 100 days. Once the equipment is manufactured, it takes around 20 to 30 days for it to arrive at the client\u2019s designated site. We work diligently to meet these timelines and ensure a smooth process for our clients. What warranty does APACHE offer for their products? Our standard warranty provides coverage for 12 months or 2000 hours of operation, whichever occurs first, against manufacturer defects. Alternatively, our warranty is 18 months from the ship date from the factory. For those seeking additional protection and peace of mind, we offer extended warranty options for purchase, at additional cost. What forms of payment do we accept at APACHE Iron Works? At APACHE, we offer the convenience of multiple payment options, including secure bank wire transfers, personal checks, and the seamless use of major credit cards. Our goal is to provide you with a superior product that has been engineered with your mining project in mind. Start here to request a quote. Request A Quote<\/p>","protected":false},"author":1,"featured_media":0,"parent":0,"menu_order":0,"comment_status":"closed","ping_status":"closed","template":"elementor_header_footer","meta":{"footnotes":""},"class_list":["post-1271","page","type-page","status-publish","hentry"],"_links":{"self":[{"href":"https:\/\/apacheironworks.com\/es\/wp-json\/wp\/v2\/pages\/1271","targetHints":{"allow":["GET"]}}],"collection":[{"href":"https:\/\/apacheironworks.com\/es\/wp-json\/wp\/v2\/pages"}],"about":[{"href":"https:\/\/apacheironworks.com\/es\/wp-json\/wp\/v2\/types\/page"}],"author":[{"embeddable":true,"href":"https:\/\/apacheironworks.com\/es\/wp-json\/wp\/v2\/users\/1"}],"replies":[{"embeddable":true,"href":"https:\/\/apacheironworks.com\/es\/wp-json\/wp\/v2\/comments?post=1271"}],"version-history":[{"count":35,"href":"https:\/\/apacheironworks.com\/es\/wp-json\/wp\/v2\/pages\/1271\/revisions"}],"predecessor-version":[{"id":4260,"href":"https:\/\/apacheironworks.com\/es\/wp-json\/wp\/v2\/pages\/1271\/revisions\/4260"}],"wp:attachment":[{"href":"https:\/\/apacheironworks.com\/es\/wp-json\/wp\/v2\/media?parent=1271"}],"curies":[{"name":"wp","href":"https:\/\/api.w.org\/{rel}","templated":true}]}}